{"id":304,"date":"2025-10-17T09:34:07","date_gmt":"2025-10-17T09:34:07","guid":{"rendered":"https:\/\/apartment-lechtal-alpin.at\/?page_id=304"},"modified":"2026-03-09T09:27:42","modified_gmt":"2026-03-09T09:27:42","slug":"buchungsinformationen","status":"publish","type":"page","link":"https:\/\/apartment-lechtal-alpin.at\/index.php\/buchungsinformationen\/","title":{"rendered":"Buchungsinformationen"},"content":{"rendered":"<div class=\"wpb-content-wrapper\"><p>[vc_row][vc_column width=&#8220;1\/4&#8243;][\/vc_column][vc_column width=&#8220;1\/2&#8243;][vc_custom_heading text=&#8220;INFORMATIONEN&#8220; font_container=&#8220;tag:h4|text_align:center|color:%239C3846&#8243; google_fonts=&#8220;font_family:Montserrat%3Aregular%2C700|font_style:400%20regular%3A400%3Anormal&#8220; css=&#8220;&#8220;][vc_custom_heading text=&#8220;ZUR BUCHUNG&#8220; font_container=&#8220;tag:h3|text_align:center|color:%239C3846&#8243; google_fonts=&#8220;font_family:Montserrat%3Aregular%2C700|font_style:700%20bold%20regular%3A700%3Anormal&#8220; css=&#8220;.vc_custom_1763475218420{margin-top: -20px !important;}&#8220;][\/vc_column][vc_column width=&#8220;1\/4&#8243;][\/vc_column][\/vc_row][vc_row][vc_column][vc_empty_space height=&#8220;40&#8243;][vc_row_inner][vc_column_inner width=&#8220;1\/2&#8243;][vc_cta h2=&#8220;ZAHLUNG&#8220; h2_font_container=&#8220;tag:h3|text_align:left|color:%23FFFFFF&#8220; h2_google_fonts=&#8220;font_family:Montserrat%3Aregular%2C700|font_style:700%20bold%20regular%3A700%3Anormal&#8220; shape=&#8220;square&#8220; style=&#8220;custom&#8220; css=&#8220;.vc_custom_1765292357474{border-top-width: 1px !important;border-right-width: 1px !important;border-bottom-width: 1px !important;border-left-width: 1px !important;border-color: #3C3C3B !important;}&#8220; use_custom_fonts_h2=&#8220;true&#8220; custom_background=&#8220;#3C3C3B&#8220; custom_text=&#8220;#FFFFFF&#8220;]<span style=\"color: #ffffff;\"><strong>KEINE Kartenzahlung m\u00f6glich \u2013 nur <\/strong><strong>Barzahlung. <\/strong>Oder \u00fcberweise den Betrag bis sp\u00e4testens 3 Tage vor Anreise.<\/span><\/p>\n<p><span style=\"color: #ffffff;\"><strong>Bankverbindung:<br \/>\n<\/strong>Sparkasse Reutte<strong><br \/>\n<\/strong>IBAN: AT87 2050 9000 0025 2882<\/span><br \/>\n<span style=\"color: #ffffff;\">BIC: SPREAT21XXX<\/span>[\/vc_cta][vc_cta h2=&#8220;AN- UND ABREISE&#8220; h2_font_container=&#8220;tag:h3|text_align:left|color:%23FFFFFF&#8220; h2_google_fonts=&#8220;font_family:Montserrat%3Aregular%2C700|font_style:700%20bold%20regular%3A700%3Anormal&#8220; txt_align=&#8220;center&#8220; shape=&#8220;square&#8220; style=&#8220;custom&#8220; css=&#8220;.vc_custom_1773048383785{border-top-width: 1px !important;border-right-width: 1px !important;border-bottom-width: 1px !important;border-left-width: 1px !important;border-color: #9C3846 !important;}&#8220; use_custom_fonts_h2=&#8220;true&#8220; custom_background=&#8220;#9C3846&#8243; custom_text=&#8220;#FFFFFF&#8220;]<\/p>\n<p style=\"text-align: left;\"><span style=\"color: #ffffff;\"><strong>CHECK-IN: <\/strong>ab 16:00 Uhr<\/span><br \/>\n<span style=\"color: #ffffff;\"><strong>CHECK-OUT: <\/strong>bis 10:00 Uhr<\/span><\/p>\n<p style=\"text-align: left;\"><span style=\"color: #ffffff;\">Gib uns bitte vorab Bescheid, wenn du fr\u00fcher anreisen oder sp\u00e4ter abreisen m\u00f6chtest \u2013 wir versuchen, es m\u00f6glich zu machen.<\/span><\/p>\n<p>[\/vc_cta][vc_single_image image=&#8220;410&#8243; img_size=&#8220;full&#8220; css=&#8220;&#8220;][vc_cta h2=&#8220;ZUS\u00c4TZLICHE KOSTEN&#8220; h2_font_container=&#8220;tag:h3|text_align:left|color:%23FFFFFF&#8220; h2_google_fonts=&#8220;font_family:Montserrat%3Aregular%2C700|font_style:700%20bold%20regular%3A700%3Anormal&#8220; txt_align=&#8220;center&#8220; shape=&#8220;square&#8220; style=&#8220;custom&#8220; css=&#8220;.vc_custom_1771830855856{border-top-width: 1px !important;border-right-width: 1px !important;border-bottom-width: 1px !important;border-left-width: 1px !important;border-color: #9C3846 !important;}&#8220; use_custom_fonts_h2=&#8220;true&#8220; custom_background=&#8220;#9C3846&#8243; custom_text=&#8220;#FFFFFF&#8220;]<\/p>\n<p style=\"text-align: left;\"><span style=\"color: #ffffff;\"><strong>Endreinigung:<\/strong> \u20ac 70,00<\/span><br \/>\n<span style=\"color: #ffffff;\"><strong>Ortstaxe:<\/strong> + \u20ac 2,60 pro Person\/Nacht<\/span><br \/>\n<span style=\"color: #ffffff;\">(ab dem 16. Lebensjahr)<\/span>[\/vc_cta][\/vc_column_inner][vc_column_inner width=&#8220;1\/2&#8243;][vc_cta h2=&#8220;STORNO&#8220; h2_font_container=&#8220;tag:h3|text_align:left|color:%233C3C3B&#8220; h2_google_fonts=&#8220;font_family:Montserrat%3Aregular%2C700|font_style:700%20bold%20regular%3A700%3Anormal&#8220; txt_align=&#8220;center&#8220; shape=&#8220;square&#8220; style=&#8220;custom&#8220; css=&#8220;.vc_custom_1773048450178{border-top-width: 1px !important;border-right-width: 1px !important;border-bottom-width: 1px !important;border-left-width: 1px !important;border-color: #C4BDB1 !important;}&#8220; use_custom_fonts_h2=&#8220;true&#8220; custom_background=&#8220;#C4BDB1&#8243; custom_text=&#8220;#3C3C3B&#8220;]<\/p>\n<div class=\"\" style=\"text-align: left;\">Bis 100 Tag vor Anreise: kostenlos<\/div>\n<div class=\"\" style=\"text-align: left;\">99 Tage &#8211; 30 Tage vor Anreise:<br \/>\n30% des Mietpreises<\/div>\n<div class=\"\" style=\"text-align: left;\">29 Tage &#8211; 14 Tage vor Anreise:<br \/>\n50% des Mietpreises<\/div>\n<div class=\"\" style=\"text-align: left;\">13 Tage &#8211; 7 Tage vor Anreise:<br \/>\n80% des Mietpreises<\/div>\n<div class=\"\" style=\"text-align: left;\">Weniger als 7 Tage vor Anreise:<br \/>\n90% des Mietpreises<\/div>\n<p>[\/vc_cta][vc_single_image image=&#8220;409&#8243; img_size=&#8220;full&#8220; css=&#8220;&#8220;][vc_cta h2=&#8220;AN- UND RESTZAHLUNG&#8220; h2_font_container=&#8220;tag:h3|text_align:left|color:%23FFFFFF&#8220; h2_google_fonts=&#8220;font_family:Montserrat%3Aregular%2C700|font_style:700%20bold%20regular%3A700%3Anormal&#8220; shape=&#8220;square&#8220; style=&#8220;custom&#8220; css=&#8220;.vc_custom_1765292232006{border-top-width: 1px !important;border-right-width: 1px !important;border-bottom-width: 1px !important;border-left-width: 1px !important;border-color: #3C3C3B !important;}&#8220; use_custom_fonts_h2=&#8220;true&#8220; custom_background=&#8220;#3C3C3B&#8220; custom_text=&#8220;#FFFFFF&#8220;]<span style=\"color: #ffffff;\"><strong>Anzahlung:<\/strong> 40% des Gesamtpreises, zahlbar innerhalb von 7 Tagen nach der Buchung per Bank\u00fcberweisung <\/span><\/p>\n<p><span style=\"color: #ffffff;\"><strong>Restzahlung:<\/strong> entweder vorab per \u00dcberweisung (bis sp\u00e4testens 3 Tage vor Anreise) oder bar bei Ankunft<\/span>[\/vc_cta][vc_cta h2=&#8220;REISEVERSICHERUNG&#8220; h2_font_container=&#8220;tag:h3|text_align:left|color:%233C3C3B&#8220; h2_google_fonts=&#8220;font_family:Montserrat%3Aregular%2C700|font_style:700%20bold%20regular%3A700%3Anormal&#8220; txt_align=&#8220;center&#8220; shape=&#8220;square&#8220; style=&#8220;custom&#8220; add_button=&#8220;bottom&#8220; btn_title=&#8220;REISEVERSICHERUNG&#8220; btn_style=&#8220;flat&#8220; btn_shape=&#8220;square&#8220; btn_color=&#8220;white&#8220; css=&#8220;.vc_custom_1763474995064{border-top-width: 1px !important;border-right-width: 1px !important;border-bottom-width: 1px !important;border-left-width: 1px !important;border-color: #C4BDB1 !important;}&#8220; use_custom_fonts_h2=&#8220;true&#8220; custom_background=&#8220;#C4BDB1&#8243; custom_text=&#8220;#3C3C3B&#8220; btn_link=&#8220;url:https%3A%2F%2Fwww.europaeische.at%2Fvertriebspartner%2Fhotelvermieter|title:Reiseversicherung|target:_blank&#8220;]<\/p>\n<p style=\"text-align: left;\">Bitte denke an eine Reiseversicherung und vermeide unn\u00f6tige Storno-Kosten im Fall einer Verhinderung.<\/p>\n<p>[\/vc_cta][\/vc_column_inner][\/vc_row_inner][vc_empty_space height=&#8220;40&#8243;][\/vc_column][\/vc_row][vc_row full_width=&#8220;stretch_row&#8220; disable_element=&#8220;yes&#8220; css=&#8220;.vc_custom_1760620286079{background-image: url(https:\/\/apartment-lechtal-alpin.at\/wp-content\/uploads\/2025\/09\/Lechtal_Alpin_HG_grau_-scaled.png?id=89) !important;background-position: center !important;background-repeat: no-repeat !important;background-size: cover !important;}&#8220;][vc_column][vc_empty_space height=&#8220;70&#8243;][vc_empty_space height=&#8220;70&#8243;][vc_row_inner content_placement=&#8220;top&#8220; gap=&#8220;20&#8243;][vc_column_inner width=&#8220;1\/4&#8243;][vc_column_text css=&#8220;&#8220;]<img loading=\"lazy\" decoding=\"async\" class=\"aligncenter wp-image-237\" src=\"https:\/\/apartment-lechtal-alpin.at\/wp-content\/uploads\/2025\/10\/Apartment-Lechtal-Alpin_Icons-05.png\" alt=\"\" width=\"150\" height=\"150\" srcset=\"https:\/\/apartment-lechtal-alpin.at\/wp-content\/uploads\/2025\/10\/Apartment-Lechtal-Alpin_Icons-05.png 301w, https:\/\/apartment-lechtal-alpin.at\/wp-content\/uploads\/2025\/10\/Apartment-Lechtal-Alpin_Icons-05-150x150.png 150w, https:\/\/apartment-lechtal-alpin.at\/wp-content\/uploads\/2025\/10\/Apartment-Lechtal-Alpin_Icons-05-280x280.png 280w\" sizes=\"auto, (max-width: 150px) 100vw, 150px\" \/>[\/vc_column_text][vc_custom_heading text=&#8220;FR\u00dcHST\u00dcCK&#8220; font_container=&#8220;tag:h3|text_align:center|color:%23C4BDB1&#8243; use_theme_fonts=&#8220;yes&#8220; css=&#8220;&#8220;][vc_empty_space height=&#8220;10&#8243;][vc_column_text css=&#8220;&#8220;]<\/p>\n<p style=\"text-align: center;\"><span style=\"color: #ffffff;\">T\u00e4glich frische Br\u00f6tchen direkt an die T\u00fcr.<\/span><\/p>\n<p>[\/vc_column_text][\/vc_column_inner][vc_column_inner width=&#8220;1\/4&#8243;][vc_column_text css=&#8220;&#8220;]<img loading=\"lazy\" decoding=\"async\" class=\"aligncenter wp-image-239\" src=\"https:\/\/apartment-lechtal-alpin.at\/wp-content\/uploads\/2025\/10\/Apartment-Lechtal-Alpin_Icons-03.png\" alt=\"\" width=\"150\" height=\"150\" srcset=\"https:\/\/apartment-lechtal-alpin.at\/wp-content\/uploads\/2025\/10\/Apartment-Lechtal-Alpin_Icons-03.png 301w, https:\/\/apartment-lechtal-alpin.at\/wp-content\/uploads\/2025\/10\/Apartment-Lechtal-Alpin_Icons-03-150x150.png 150w, https:\/\/apartment-lechtal-alpin.at\/wp-content\/uploads\/2025\/10\/Apartment-Lechtal-Alpin_Icons-03-280x280.png 280w\" sizes=\"auto, (max-width: 150px) 100vw, 150px\" \/>[\/vc_column_text][vc_custom_heading text=&#8220;PARKEN&#8220; font_container=&#8220;tag:h3|text_align:center|color:%23C4BDB1&#8243; use_theme_fonts=&#8220;yes&#8220; css=&#8220;&#8220;][vc_empty_space height=&#8220;10&#8243;][vc_column_text css=&#8220;&#8220;]<\/p>\n<p style=\"text-align: center;\"><span style=\"color: #ffffff;\">Kostenlose Parkpl\u00e4tze w\u00e4hrend ihres Aufenthaltes.<\/span><\/p>\n<p>[\/vc_column_text][\/vc_column_inner][vc_column_inner width=&#8220;1\/4&#8243;][vc_column_text css=&#8220;&#8220;]<img loading=\"lazy\" decoding=\"async\" class=\"aligncenter wp-image-240\" src=\"https:\/\/apartment-lechtal-alpin.at\/wp-content\/uploads\/2025\/10\/Apartment-Lechtal-Alpin_Icons-04.png\" alt=\"\" width=\"150\" height=\"150\" srcset=\"https:\/\/apartment-lechtal-alpin.at\/wp-content\/uploads\/2025\/10\/Apartment-Lechtal-Alpin_Icons-04.png 301w, https:\/\/apartment-lechtal-alpin.at\/wp-content\/uploads\/2025\/10\/Apartment-Lechtal-Alpin_Icons-04-150x150.png 150w, https:\/\/apartment-lechtal-alpin.at\/wp-content\/uploads\/2025\/10\/Apartment-Lechtal-Alpin_Icons-04-280x280.png 280w\" sizes=\"auto, (max-width: 150px) 100vw, 150px\" \/>[\/vc_column_text][vc_custom_heading text=&#8220;WLAN&#8220; font_container=&#8220;tag:h3|text_align:center|color:%23C4BDB1&#8243; use_theme_fonts=&#8220;yes&#8220; css=&#8220;&#8220;][vc_empty_space height=&#8220;10&#8243;][vc_column_text css=&#8220;&#8220;]<\/p>\n<p style=\"text-align: center;\"><span style=\"color: #ffffff;\">Kostenloses WLAN verf\u00fcgbar.<\/span><\/p>\n<p>[\/vc_column_text][\/vc_column_inner][vc_column_inner width=&#8220;1\/4&#8243;][vc_column_text css=&#8220;&#8220;]<img loading=\"lazy\" decoding=\"async\" class=\"aligncenter wp-image-243\" src=\"https:\/\/apartment-lechtal-alpin.at\/wp-content\/uploads\/2025\/10\/Apartment-Lechtal-Alpin_Icons-06.png\" alt=\"\" width=\"150\" height=\"150\" srcset=\"https:\/\/apartment-lechtal-alpin.at\/wp-content\/uploads\/2025\/10\/Apartment-Lechtal-Alpin_Icons-06.png 301w, https:\/\/apartment-lechtal-alpin.at\/wp-content\/uploads\/2025\/10\/Apartment-Lechtal-Alpin_Icons-06-150x150.png 150w, https:\/\/apartment-lechtal-alpin.at\/wp-content\/uploads\/2025\/10\/Apartment-Lechtal-Alpin_Icons-06-280x280.png 280w\" sizes=\"auto, (max-width: 150px) 100vw, 150px\" \/>[\/vc_column_text][vc_custom_heading text=&#8220;HAUSTIERE&#8220; font_container=&#8220;tag:h3|text_align:center|color:%23C4BDB1&#8243; use_theme_fonts=&#8220;yes&#8220; css=&#8220;&#8220;][vc_empty_space height=&#8220;10&#8243;][vc_column_text css=&#8220;&#8220;]<\/p>\n<p style=\"text-align: center;\"><span style=\"color: #ffffff;\">Haustiere nur auf <\/span><br \/>\n<span style=\"color: #ffffff;\">Anfrage.<\/span>[\/vc_column_text][\/vc_column_inner][\/vc_row_inner][vc_empty_space height=&#8220;40&#8243;][\/vc_column][\/vc_row]<\/p>\n<\/div>","protected":false},"excerpt":{"rendered":"<p>[vc_row][vc_column width=&#8220;1\/4&#8243;][\/vc_column][vc_column width=&#8220;1\/2&#8243;][vc_custom_heading text=&#8220;INFORMATIONEN&#8220; font_container=&#8220;tag:h4|text_align:center|color:%239C3846&#8243; google_fonts=&#8220;font_family:Montserrat%3Aregular%2C700|font_style:400%20regular%3A400%3Anormal&#8220; css=&#8220;&#8220;][vc_custom_heading text=&#8220;ZUR BUCHUNG&#8220; font_container=&#8220;tag:h3|text_align:center|color:%239C3846&#8243; google_fonts=&#8220;font_family:Montserrat%3Aregular%2C700|font_style:700%20bold%20regular%3A700%3Anormal&#8220; css=&#8220;.vc_custom_1763475218420{margin-top: -20px !important;}&#8220;][\/vc_column][vc_column width=&#8220;1\/4&#8243;][\/vc_column][\/vc_row][vc_row][vc_column][vc_empty_space height=&#8220;40&#8243;][vc_row_inner][vc_column_inner width=&#8220;1\/2&#8243;][vc_cta h2=&#8220;ZAHLUNG&#8220; h2_font_container=&#8220;tag:h3|text_align:left|color:%23FFFFFF&#8220; h2_google_fonts=&#8220;font_family:Montserrat%3Aregular%2C700|font_style:700%20bold%20regular%3A700%3Anormal&#8220; shape=&#8220;square&#8220; style=&#8220;custom&#8220; css=&#8220;.vc_custom_1765292357474{border-top-width: 1px !important;border-right-width: 1px !important;border-bottom-width: 1px !important;border-left-width: 1px !important;border-color: #3C3C3B !important;}&#8220; use_custom_fonts_h2=&#8220;true&#8220; custom_background=&#8220;#3C3C3B&#8220; custom_text=&#8220;#FFFFFF&#8220;]KEINE Kartenzahlung m\u00f6glich \u2013 nur Barzahlung. Oder \u00fcberweise den Betrag bis sp\u00e4testens 3 Tage vor [&hellip;]<\/p>\n","protected":false},"author":4,"featured_media":0,"parent":0,"menu_order":0,"comment_status":"closed","ping_status":"closed","template":"","meta":{"inspiro_page_layout":"narrow","inspiro_hide_title":false,"footnotes":""},"class_list":["post-304","page","type-page","status-publish","hentry"],"jetpack_sharing_enabled":true,"_links":{"self":[{"href":"https:\/\/apartment-lechtal-alpin.at\/index.php\/wp-json\/wp\/v2\/pages\/304","targetHints":{"allow":["GET"]}}],"collection":[{"href":"https:\/\/apartment-lechtal-alpin.at\/index.php\/wp-json\/wp\/v2\/pages"}],"about":[{"href":"https:\/\/apartment-lechtal-alpin.at\/index.php\/wp-json\/wp\/v2\/types\/page"}],"author":[{"embeddable":true,"href":"https:\/\/apartment-lechtal-alpin.at\/index.php\/wp-json\/wp\/v2\/users\/4"}],"replies":[{"embeddable":true,"href":"https:\/\/apartment-lechtal-alpin.at\/index.php\/wp-json\/wp\/v2\/comments?post=304"}],"version-history":[{"count":22,"href":"https:\/\/apartment-lechtal-alpin.at\/index.php\/wp-json\/wp\/v2\/pages\/304\/revisions"}],"predecessor-version":[{"id":515,"href":"https:\/\/apartment-lechtal-alpin.at\/index.php\/wp-json\/wp\/v2\/pages\/304\/revisions\/515"}],"wp:attachment":[{"href":"https:\/\/apartment-lechtal-alpin.at\/index.php\/wp-json\/wp\/v2\/media?parent=304"}],"curies":[{"name":"wp","href":"https:\/\/api.w.org\/{rel}","templated":true}]}}