{"id":20,"date":"2025-09-17T07:49:42","date_gmt":"2025-09-17T07:49:42","guid":{"rendered":"https:\/\/apartment-lechtal-alpin.at\/?page_id=20"},"modified":"2025-11-24T09:13:30","modified_gmt":"2025-11-24T09:13:30","slug":"impressum","status":"publish","type":"page","link":"https:\/\/apartment-lechtal-alpin.at\/index.php\/impressum\/","title":{"rendered":"Impressum"},"content":{"rendered":"<div class=\"wpb-content-wrapper\"><p>[vc_row][vc_column][vc_column_text css=&#8220;&#8220;]<\/p>\n<p class=\"adsimple-123058277\">Informationen \u00fcber den Diensteanbieter.<\/p>\n<p><strong>Apartment Lechtal Alpin<br \/>\n<\/strong>Lisa K\u00e4rle<br \/>\nObergiblen 8a<br \/>\n6652 Elbigenalp<br \/>\n\u00d6sterreich<\/p>\n<p><strong>Tel.:<\/strong> +43 664 75100267<br \/>\n<strong>E-Mail:<\/strong> <a href=\"mailto:urlaub@apartment-lechtal-alpin.at\">urlaub@apartment-lechtal-alpin.at<\/a><\/p>\n<p><strong>Unternehmensgegenstand:<\/strong> Privatzimmervermietung<\/p>\n<p><strong>Datenschutz Verantwortlicher<\/strong><br \/>\nLisa K\u00e4rle<br \/>\nObergiblen 8a<br \/>\n6652 Elbigenalp<br \/>\n<strong>E-Mail:<\/strong> <a href=\"mailto:urlaub@apartment-lechtal-alpin.at\">urlaub@apartment-lechtal-alpin.at<\/a><br \/>\n<strong>Tel.:<\/strong> +43 664 75100267<br \/>\n<strong>Impressum:<\/strong> <a href=\"https:\/\/apartment-lechtal-alpin.at\/impressum\" target=\"_blank\" rel=\"noopener\">https:\/\/apartment-lechtal-alpin.at\/impressum<\/a><\/p>\n<div><\/div>\n<div><\/div>\n<div><\/div>\n<div><\/div>\n<h2 id=\"bildernachweis\" class=\"adsimple-123058277 fusion-responsive-typography-calculated\" data-fontsize=\"24\" data-lineheight=\"36px\">Bildernachweis<\/h2>\n<p class=\"adsimple-123058277\">Die Bilder, Fotos und Grafiken auf dieser Webseite sind urheberrechtlich gesch\u00fctzt.<\/p>\n<p><strong>Die Bilderrechte liegen bei:<\/strong><br \/>\nClaudia Lindner, Ratko, Ski Arlberg @andreschoenherr, Marvin K\u00e4rle<\/p>\n<div><\/div>\n<div><\/div>\n<div><\/div>\n<div><\/div>\n<div><\/div>\n<p>Alle Texte sind urheberrechtlich gesch\u00fctzt.<\/p>\n<p>Quelle: Erstellt mit dem <a title=\"Impressum Generator \u00d6sterreich von AdSimple\" href=\"https:\/\/www.adsimple.at\/impressum-generator\/\">Impressum Generator<\/a> von AdSimple[\/vc_column_text][\/vc_column][\/vc_row]<\/p>\n<\/div>","protected":false},"excerpt":{"rendered":"<p>[vc_row][vc_column][vc_column_text css=&#8220;&#8220;] Informationen \u00fcber den Diensteanbieter. Apartment Lechtal Alpin Lisa K\u00e4rle Obergiblen 8a 6652 Elbigenalp \u00d6sterreich Tel.: +43 664 75100267 E-Mail: urlaub@apartment-lechtal-alpin.at Unternehmensgegenstand: Privatzimmervermietung Datenschutz Verantwortlicher Lisa K\u00e4rle Obergiblen 8a 6652 Elbigenalp E-Mail: urlaub@apartment-lechtal-alpin.at Tel.: +43 664 75100267 Impressum: https:\/\/apartment-lechtal-alpin.at\/impressum Bildernachweis Die Bilder, Fotos und Grafiken auf dieser Webseite sind [&hellip;]<\/p>\n","protected":false},"author":3,"featured_media":0,"parent":0,"menu_order":0,"comment_status":"closed","ping_status":"closed","template":"","meta":{"inspiro_page_layout":"narrow","inspiro_hide_title":false,"footnotes":""},"class_list":["post-20","page","type-page","status-publish","hentry"],"jetpack_sharing_enabled":true,"_links":{"self":[{"href":"https:\/\/apartment-lechtal-alpin.at\/index.php\/wp-json\/wp\/v2\/pages\/20","targetHints":{"allow":["GET"]}}],"collection":[{"href":"https:\/\/apartment-lechtal-alpin.at\/index.php\/wp-json\/wp\/v2\/pages"}],"about":[{"href":"https:\/\/apartment-lechtal-alpin.at\/index.php\/wp-json\/wp\/v2\/types\/page"}],"author":[{"embeddable":true,"href":"https:\/\/apartment-lechtal-alpin.at\/index.php\/wp-json\/wp\/v2\/users\/3"}],"replies":[{"embeddable":true,"href":"https:\/\/apartment-lechtal-alpin.at\/index.php\/wp-json\/wp\/v2\/comments?post=20"}],"version-history":[{"count":6,"href":"https:\/\/apartment-lechtal-alpin.at\/index.php\/wp-json\/wp\/v2\/pages\/20\/revisions"}],"predecessor-version":[{"id":421,"href":"https:\/\/apartment-lechtal-alpin.at\/index.php\/wp-json\/wp\/v2\/pages\/20\/revisions\/421"}],"wp:attachment":[{"href":"https:\/\/apartment-lechtal-alpin.at\/index.php\/wp-json\/wp\/v2\/media?parent=20"}],"curies":[{"name":"wp","href":"https:\/\/api.w.org\/{rel}","templated":true}]}}