{"id":149,"date":"2025-10-07T15:13:45","date_gmt":"2025-10-07T15:13:45","guid":{"rendered":"https:\/\/apartment-lechtal-alpin.at\/?page_id=149"},"modified":"2025-12-09T14:54:44","modified_gmt":"2025-12-09T14:54:44","slug":"kontakt","status":"publish","type":"page","link":"https:\/\/apartment-lechtal-alpin.at\/index.php\/kontakt\/","title":{"rendered":"KONTAKT"},"content":{"rendered":"<div class=\"wpb-content-wrapper\"><p>[vc_row content_placement=&#8220;middle&#8220;][vc_column width=&#8220;1\/6&#8243;][\/vc_column][vc_column width=&#8220;2\/3&#8243;][vc_row_inner content_placement=&#8220;middle&#8220; gap=&#8220;15&#8243;][vc_column_inner width=&#8220;1\/2&#8243;][vc_single_image image=&#8220;427&#8243; img_size=&#8220;full&#8220; css=&#8220;&#8220;][\/vc_column_inner][vc_column_inner width=&#8220;1\/2&#8243;][vc_column_text css=&#8220;&#8220;]<img loading=\"lazy\" decoding=\"async\" class=\"wp-image-123 aligncenter\" src=\"https:\/\/apartment-lechtal-alpin.at\/wp-content\/uploads\/2025\/10\/cropped-fav_lapartment_lechtal_alpin-300x300.png\" alt=\"\" width=\"54\" height=\"54\" srcset=\"https:\/\/apartment-lechtal-alpin.at\/wp-content\/uploads\/2025\/10\/cropped-fav_lapartment_lechtal_alpin-300x300.png 300w, https:\/\/apartment-lechtal-alpin.at\/wp-content\/uploads\/2025\/10\/cropped-fav_lapartment_lechtal_alpin-150x150.png 150w, https:\/\/apartment-lechtal-alpin.at\/wp-content\/uploads\/2025\/10\/cropped-fav_lapartment_lechtal_alpin-280x280.png 280w, https:\/\/apartment-lechtal-alpin.at\/wp-content\/uploads\/2025\/10\/cropped-fav_lapartment_lechtal_alpin-270x270.png 270w, https:\/\/apartment-lechtal-alpin.at\/wp-content\/uploads\/2025\/10\/cropped-fav_lapartment_lechtal_alpin-192x192.png 192w, https:\/\/apartment-lechtal-alpin.at\/wp-content\/uploads\/2025\/10\/cropped-fav_lapartment_lechtal_alpin-180x180.png 180w, https:\/\/apartment-lechtal-alpin.at\/wp-content\/uploads\/2025\/10\/cropped-fav_lapartment_lechtal_alpin-32x32.png 32w, https:\/\/apartment-lechtal-alpin.at\/wp-content\/uploads\/2025\/10\/cropped-fav_lapartment_lechtal_alpin.png 512w\" sizes=\"auto, (max-width: 54px) 100vw, 54px\" \/>[\/vc_column_text][vc_custom_heading text=&#8220;APARTMENT&#8220; font_container=&#8220;tag:h4|text_align:center|color:%239C3846&#8243; google_fonts=&#8220;font_family:Montserrat%3Aregular%2C700|font_style:400%20regular%3A400%3Anormal&#8220; css=&#8220;&#8220;][vc_custom_heading text=&#8220;LECHTAL ALPIN&#8220; font_container=&#8220;tag:h3|text_align:center|color:%239C3846&#8243; google_fonts=&#8220;font_family:Montserrat%3Aregular%2C700|font_style:700%20bold%20regular%3A700%3Anormal&#8220; css=&#8220;.vc_custom_1763475421062{margin-top: -20px !important;}&#8220;][vc_column_text css=&#8220;&#8220;]<\/p>\n<p class=\"p1\" style=\"text-align: center;\"><strong>Familie K\u00e4rle<\/strong><br \/>\nObergiblen 8a | 6652 Elbigenalp<br \/>\n+43 664 751 002 67<br \/>\nurlaub@apartment-lechtal-alpin.at<\/p>\n<p>[\/vc_column_text][vc_btn title=&#8220;MAIL SCHREIBEN&#8220; style=&#8220;custom&#8220; custom_background=&#8220;#9C3846&#8243; custom_text=&#8220;#FFFFFF&#8220; shape=&#8220;square&#8220; align=&#8220;center&#8220; css=&#8220;&#8220; link=&#8220;url:mailto%3Aurlaub%40apartment-lechtal-alpin.at%3Fsubject%3DAnfrage|title:Anfrage&#8220;][\/vc_column_inner][\/vc_row_inner][vc_empty_space height=&#8220;40&#8243;][\/vc_column][vc_column width=&#8220;1\/6&#8243;][\/vc_column][\/vc_row][vc_row full_width=&#8220;stretch_row&#8220; content_placement=&#8220;middle&#8220; css=&#8220;.vc_custom_1759154071357{margin-right: 10px !important;margin-left: 10px !important;background-image: url(https:\/\/apartment-lechtal-alpin.at\/wp-content\/uploads\/2025\/09\/Lechtal_Alpin_Beton.jpg?id=74) !important;background-position: center !important;background-repeat: no-repeat !important;background-size: cover !important;}&#8220;][vc_column][vc_empty_space height=&#8220;40&#8243;][vc_row_inner content_placement=&#8220;middle&#8220; gap=&#8220;15&#8243;][vc_column_inner width=&#8220;1\/3&#8243;][vc_custom_heading text=&#8220;ANREISE&#8220; font_container=&#8220;tag:h3|text_align:center|color:%233C3C3B&#8220; google_fonts=&#8220;font_family:Montserrat%3Aregular%2C700|font_style:700%20bold%20regular%3A700%3Anormal&#8220; css=&#8220;&#8220;][vc_column_text css=&#8220;&#8220;]<\/p>\n<p style=\"text-align: center;\"><strong>Anreise mit dem Auto<br \/>\n<\/strong>Achtung STAU \u00fcber F\u00fcssen Tunnel \u2013 Empfehlung A7 \u00fcber Tannheimer Tal<br \/>\n<strong>Anreise mit dem Bus<br \/>\n<\/strong>Hauptbahnhof Reutte bis Elbigenalp.<\/p>\n<p>[\/vc_column_text][vc_btn title=&#8220;ROUTENPLANER&#8220; style=&#8220;custom&#8220; custom_background=&#8220;#3C3C3B&#8220; custom_text=&#8220;#FFFFFF&#8220; shape=&#8220;square&#8220; align=&#8220;center&#8220; css=&#8220;&#8220; link=&#8220;url:https%3A%2F%2Fmaps.app.goo.gl%2Ft2qQk6WD87pxJxj5A|target:_blank&#8220;][\/vc_column_inner][vc_column_inner width=&#8220;2\/3&#8243;][vc_empty_space height=&#8220;15&#8243;][vc_column_text css=&#8220;&#8220;]<img loading=\"lazy\" decoding=\"async\" class=\"alignnone size-full wp-image-216\" src=\"https:\/\/apartment-lechtal-alpin.at\/wp-content\/uploads\/2025\/10\/Lechtal_Alpin_Spinne.png\" alt=\"\" width=\"1041\" height=\"526\" srcset=\"https:\/\/apartment-lechtal-alpin.at\/wp-content\/uploads\/2025\/10\/Lechtal_Alpin_Spinne.png 1041w, https:\/\/apartment-lechtal-alpin.at\/wp-content\/uploads\/2025\/10\/Lechtal_Alpin_Spinne-300x152.png 300w, https:\/\/apartment-lechtal-alpin.at\/wp-content\/uploads\/2025\/10\/Lechtal_Alpin_Spinne-1024x517.png 1024w, https:\/\/apartment-lechtal-alpin.at\/wp-content\/uploads\/2025\/10\/Lechtal_Alpin_Spinne-768x388.png 768w, https:\/\/apartment-lechtal-alpin.at\/wp-content\/uploads\/2025\/10\/Lechtal_Alpin_Spinne-1000x505.png 1000w, https:\/\/apartment-lechtal-alpin.at\/wp-content\/uploads\/2025\/10\/Lechtal_Alpin_Spinne-600x303.png 600w\" sizes=\"auto, (max-width: 1041px) 100vw, 1041px\" \/>[\/vc_column_text][\/vc_column_inner][\/vc_row_inner][vc_empty_space height=&#8220;40&#8243;][\/vc_column][\/vc_row][vc_row][vc_column][vc_empty_space height=&#8220;40&#8243;][vc_row_inner gap=&#8220;15&#8243;][vc_column_inner width=&#8220;1\/2&#8243;][vc_cta h2=&#8220;LECHTAL ACTIV CARD&#8220; h2_font_container=&#8220;tag:h3|text_align:left|color:%233C3C3B&#8220; h2_google_fonts=&#8220;font_family:Montserrat%3Aregular%2C700|font_style:700%20bold%20regular%3A700%3Anormal&#8220; shape=&#8220;square&#8220; style=&#8220;custom&#8220; css=&#8220;&#8220; use_custom_fonts_h2=&#8220;true&#8220; custom_background=&#8220;#C4BDB1&#8243; custom_text=&#8220;#3C3C3B&#8220;]<strong>G\u00dcLTIG VON MAI BIS OKTOBER<\/strong><br \/>\nNeben kostenlosem Wanderbus, erm\u00e4\u00dfigten Eintritten oder einmalig kostenlosen Bergbahnfahrten bietet die Karte auch ein umfangreiches Freizeitprogramm f\u00fcr die ganze Familie.[\/vc_cta][\/vc_column_inner][vc_column_inner width=&#8220;1\/2&#8243;][vc_cta h2=&#8220;REISEVERSICHERUNG&#8220; h2_font_container=&#8220;tag:h3|text_align:left|color:%23FFFFFF&#8220; h2_google_fonts=&#8220;font_family:Montserrat%3Aregular%2C700|font_style:700%20bold%20regular%3A700%3Anormal&#8220; shape=&#8220;square&#8220; style=&#8220;custom&#8220; add_button=&#8220;bottom&#8220; btn_title=&#8220;REISEVERSICHERUNG&#8220; btn_style=&#8220;flat&#8220; btn_shape=&#8220;square&#8220; btn_color=&#8220;white&#8220; css=&#8220;&#8220; use_custom_fonts_h2=&#8220;true&#8220; custom_background=&#8220;#9C3846&#8243; custom_text=&#8220;#FFFFFF&#8220; btn_link=&#8220;url:https%3A%2F%2Fwww.europaeische.at%2Fvertriebspartner%2Fhotelvermieter|target:_blank&#8220;]<span style=\"color: #ffffff;\">Bitte denke an eine Reiseversicherung und vermeide unn\u00f6tige Storno-Kosten im Fall einer Verhinderung.<\/span>[\/vc_cta][\/vc_column_inner][\/vc_row_inner][vc_empty_space height=&#8220;40&#8243;][\/vc_column][\/vc_row][vc_row full_width=&#8220;stretch_row&#8220; disable_element=&#8220;yes&#8220; css=&#8220;.vc_custom_1760614428649{background-image: url(https:\/\/apartment-lechtal-alpin.at\/wp-content\/uploads\/2025\/09\/Lechtal_Alpin_HG_grau_-scaled.png?id=89) !important;background-position: center !important;background-repeat: no-repeat !important;background-size: cover !important;}&#8220;][vc_column width=&#8220;1\/6&#8243;][\/vc_column][vc_column width=&#8220;2\/3&#8243;][vc_empty_space height=&#8220;70&#8243;][vc_empty_space height=&#8220;70&#8243;][vc_row_inner content_placement=&#8220;top&#8220; gap=&#8220;20&#8243;][vc_column_inner width=&#8220;1\/3&#8243;][vc_column_text css=&#8220;&#8220;]<img loading=\"lazy\" decoding=\"async\" class=\"aligncenter wp-image-129\" src=\"https:\/\/apartment-lechtal-alpin.at\/wp-content\/uploads\/2025\/10\/lage_2_ALA-300x300.png\" alt=\"\" width=\"150\" height=\"150\" srcset=\"https:\/\/apartment-lechtal-alpin.at\/wp-content\/uploads\/2025\/10\/lage_2_ALA-300x300.png 300w, https:\/\/apartment-lechtal-alpin.at\/wp-content\/uploads\/2025\/10\/lage_2_ALA-1024x1024.png 1024w, https:\/\/apartment-lechtal-alpin.at\/wp-content\/uploads\/2025\/10\/lage_2_ALA-150x150.png 150w, https:\/\/apartment-lechtal-alpin.at\/wp-content\/uploads\/2025\/10\/lage_2_ALA-768x768.png 768w, https:\/\/apartment-lechtal-alpin.at\/wp-content\/uploads\/2025\/10\/lage_2_ALA-1000x1000.png 1000w, https:\/\/apartment-lechtal-alpin.at\/wp-content\/uploads\/2025\/10\/lage_2_ALA-280x280.png 280w, https:\/\/apartment-lechtal-alpin.at\/wp-content\/uploads\/2025\/10\/lage_2_ALA-560x560.png 560w, https:\/\/apartment-lechtal-alpin.at\/wp-content\/uploads\/2025\/10\/lage_2_ALA-600x600.png 600w, https:\/\/apartment-lechtal-alpin.at\/wp-content\/uploads\/2025\/10\/lage_2_ALA-800x800.png 800w, https:\/\/apartment-lechtal-alpin.at\/wp-content\/uploads\/2025\/10\/lage_2_ALA.png 1067w\" sizes=\"auto, (max-width: 150px) 100vw, 150px\" \/>[\/vc_column_text][vc_custom_heading text=&#8220;BESTE LAGE&#8220; font_container=&#8220;tag:h3|text_align:center|color:%23C4BDB1&#8243; use_theme_fonts=&#8220;yes&#8220; css=&#8220;&#8220;][vc_empty_space height=&#8220;10&#8243;][vc_column_text css=&#8220;&#8220;]<\/p>\n<p style=\"text-align: center;\"><span style=\"color: #ffffff;\">Mitten im Naturpark <\/span><br \/>\n<span style=\"color: #ffffff;\">Tiroler Lech.<\/span><\/p>\n<p>[\/vc_column_text][\/vc_column_inner][vc_column_inner width=&#8220;1\/3&#8243;][vc_column_text css=&#8220;&#8220;]<img loading=\"lazy\" decoding=\"async\" class=\"aligncenter wp-image-130\" src=\"https:\/\/apartment-lechtal-alpin.at\/wp-content\/uploads\/2025\/10\/familie_1_ALA-300x300.png\" alt=\"\" width=\"150\" height=\"150\" srcset=\"https:\/\/apartment-lechtal-alpin.at\/wp-content\/uploads\/2025\/10\/familie_1_ALA-300x300.png 300w, https:\/\/apartment-lechtal-alpin.at\/wp-content\/uploads\/2025\/10\/familie_1_ALA-1024x1024.png 1024w, https:\/\/apartment-lechtal-alpin.at\/wp-content\/uploads\/2025\/10\/familie_1_ALA-150x150.png 150w, https:\/\/apartment-lechtal-alpin.at\/wp-content\/uploads\/2025\/10\/familie_1_ALA-768x768.png 768w, https:\/\/apartment-lechtal-alpin.at\/wp-content\/uploads\/2025\/10\/familie_1_ALA-1000x1000.png 1000w, https:\/\/apartment-lechtal-alpin.at\/wp-content\/uploads\/2025\/10\/familie_1_ALA-280x280.png 280w, https:\/\/apartment-lechtal-alpin.at\/wp-content\/uploads\/2025\/10\/familie_1_ALA-560x560.png 560w, https:\/\/apartment-lechtal-alpin.at\/wp-content\/uploads\/2025\/10\/familie_1_ALA-600x600.png 600w, https:\/\/apartment-lechtal-alpin.at\/wp-content\/uploads\/2025\/10\/familie_1_ALA-800x800.png 800w, https:\/\/apartment-lechtal-alpin.at\/wp-content\/uploads\/2025\/10\/familie_1_ALA.png 1067w\" sizes=\"auto, (max-width: 150px) 100vw, 150px\" \/>[\/vc_column_text][vc_custom_heading text=&#8220;FAMILI\u00c4R&#8220; font_container=&#8220;tag:h3|text_align:center|color:%23C4BDB1&#8243; use_theme_fonts=&#8220;yes&#8220; css=&#8220;&#8220;][vc_empty_space height=&#8220;10&#8243;][vc_column_text css=&#8220;&#8220;]<\/p>\n<p style=\"text-align: center;\"><span style=\"color: #ffffff;\">Herzlich empfangen, <\/span><br \/>\n<span style=\"color: #ffffff;\">famili\u00e4r umsorgt.<\/span><\/p>\n<p>[\/vc_column_text][\/vc_column_inner][vc_column_inner width=&#8220;1\/3&#8243;][vc_column_text css=&#8220;&#8220;]<img loading=\"lazy\" decoding=\"async\" class=\"aligncenter wp-image-128\" src=\"https:\/\/apartment-lechtal-alpin.at\/wp-content\/uploads\/2025\/10\/lage_1_ALA-300x300.png\" alt=\"\" width=\"150\" height=\"150\" srcset=\"https:\/\/apartment-lechtal-alpin.at\/wp-content\/uploads\/2025\/10\/lage_1_ALA-300x300.png 300w, https:\/\/apartment-lechtal-alpin.at\/wp-content\/uploads\/2025\/10\/lage_1_ALA-1024x1024.png 1024w, https:\/\/apartment-lechtal-alpin.at\/wp-content\/uploads\/2025\/10\/lage_1_ALA-150x150.png 150w, https:\/\/apartment-lechtal-alpin.at\/wp-content\/uploads\/2025\/10\/lage_1_ALA-768x768.png 768w, https:\/\/apartment-lechtal-alpin.at\/wp-content\/uploads\/2025\/10\/lage_1_ALA-1000x1000.png 1000w, https:\/\/apartment-lechtal-alpin.at\/wp-content\/uploads\/2025\/10\/lage_1_ALA-280x280.png 280w, https:\/\/apartment-lechtal-alpin.at\/wp-content\/uploads\/2025\/10\/lage_1_ALA-560x560.png 560w, https:\/\/apartment-lechtal-alpin.at\/wp-content\/uploads\/2025\/10\/lage_1_ALA-600x600.png 600w, https:\/\/apartment-lechtal-alpin.at\/wp-content\/uploads\/2025\/10\/lage_1_ALA-800x800.png 800w, https:\/\/apartment-lechtal-alpin.at\/wp-content\/uploads\/2025\/10\/lage_1_ALA.png 1067w\" sizes=\"auto, (max-width: 150px) 100vw, 150px\" \/>[\/vc_column_text][vc_custom_heading text=&#8220;GUIDE&#8220; font_container=&#8220;tag:h3|text_align:center|color:%23C4BDB1&#8243; use_theme_fonts=&#8220;yes&#8220; css=&#8220;&#8220;][vc_empty_space height=&#8220;10&#8243;][vc_column_text css=&#8220;&#8220;]<\/p>\n<p style=\"text-align: center;\"><span style=\"color: #ffffff;\">Dein Gastgeber ist <\/span><br \/>\n<span style=\"color: #ffffff;\">dein Bergf\u00fchrer.<\/span><\/p>\n<p>[\/vc_column_text][\/vc_column_inner][\/vc_row_inner][vc_empty_space height=&#8220;40&#8243;][\/vc_column][vc_column width=&#8220;1\/6&#8243;][\/vc_column][\/vc_row]<\/p>\n<\/div>","protected":false},"excerpt":{"rendered":"<p>[vc_row content_placement=&#8220;middle&#8220;][vc_column width=&#8220;1\/6&#8243;][\/vc_column][vc_column width=&#8220;2\/3&#8243;][vc_row_inner content_placement=&#8220;middle&#8220; gap=&#8220;15&#8243;][vc_column_inner width=&#8220;1\/2&#8243;][vc_single_image image=&#8220;427&#8243; img_size=&#8220;full&#8220; css=&#8220;&#8220;][\/vc_column_inner][vc_column_inner width=&#8220;1\/2&#8243;][vc_column_text css=&#8220;&#8220;][\/vc_column_text][vc_custom_heading text=&#8220;APARTMENT&#8220; font_container=&#8220;tag:h4|text_align:center|color:%239C3846&#8243; google_fonts=&#8220;font_family:Montserrat%3Aregular%2C700|font_style:400%20regular%3A400%3Anormal&#8220; css=&#8220;&#8220;][vc_custom_heading text=&#8220;LECHTAL ALPIN&#8220; font_container=&#8220;tag:h3|text_align:center|color:%239C3846&#8243; google_fonts=&#8220;font_family:Montserrat%3Aregular%2C700|font_style:700%20bold%20regular%3A700%3Anormal&#8220; css=&#8220;.vc_custom_1763475421062{margin-top: -20px !important;}&#8220;][vc_column_text css=&#8220;&#8220;] Familie K\u00e4rle Obergiblen 8a | 6652 Elbigenalp +43 664 751 002 67 urlaub@apartment-lechtal-alpin.at [\/vc_column_text][vc_btn title=&#8220;MAIL SCHREIBEN&#8220; style=&#8220;custom&#8220; custom_background=&#8220;#9C3846&#8243; custom_text=&#8220;#FFFFFF&#8220; shape=&#8220;square&#8220; align=&#8220;center&#8220; css=&#8220;&#8220; link=&#8220;url:mailto%3Aurlaub%40apartment-lechtal-alpin.at%3Fsubject%3DAnfrage|title:Anfrage&#8220;][\/vc_column_inner][\/vc_row_inner][vc_empty_space height=&#8220;40&#8243;][\/vc_column][vc_column width=&#8220;1\/6&#8243;][\/vc_column][\/vc_row][vc_row full_width=&#8220;stretch_row&#8220; [&hellip;]<\/p>\n","protected":false},"author":5,"featured_media":0,"parent":0,"menu_order":0,"comment_status":"closed","ping_status":"closed","template":"","meta":{"inspiro_page_layout":"narrow","inspiro_hide_title":false,"footnotes":""},"class_list":["post-149","page","type-page","status-publish","hentry"],"jetpack_sharing_enabled":true,"_links":{"self":[{"href":"https:\/\/apartment-lechtal-alpin.at\/index.php\/wp-json\/wp\/v2\/pages\/149","targetHints":{"allow":["GET"]}}],"collection":[{"href":"https:\/\/apartment-lechtal-alpin.at\/index.php\/wp-json\/wp\/v2\/pages"}],"about":[{"href":"https:\/\/apartment-lechtal-alpin.at\/index.php\/wp-json\/wp\/v2\/types\/page"}],"author":[{"embeddable":true,"href":"https:\/\/apartment-lechtal-alpin.at\/index.php\/wp-json\/wp\/v2\/users\/5"}],"replies":[{"embeddable":true,"href":"https:\/\/apartment-lechtal-alpin.at\/index.php\/wp-json\/wp\/v2\/comments?post=149"}],"version-history":[{"count":31,"href":"https:\/\/apartment-lechtal-alpin.at\/index.php\/wp-json\/wp\/v2\/pages\/149\/revisions"}],"predecessor-version":[{"id":472,"href":"https:\/\/apartment-lechtal-alpin.at\/index.php\/wp-json\/wp\/v2\/pages\/149\/revisions\/472"}],"wp:attachment":[{"href":"https:\/\/apartment-lechtal-alpin.at\/index.php\/wp-json\/wp\/v2\/media?parent=149"}],"curies":[{"name":"wp","href":"https:\/\/api.w.org\/{rel}","templated":true}]}}