{"id":147,"date":"2025-10-07T15:13:36","date_gmt":"2025-10-07T15:13:36","guid":{"rendered":"https:\/\/apartment-lechtal-alpin.at\/?page_id=147"},"modified":"2025-12-09T14:53:36","modified_gmt":"2025-12-09T14:53:36","slug":"winter","status":"publish","type":"page","link":"https:\/\/apartment-lechtal-alpin.at\/index.php\/winter\/","title":{"rendered":"WINTER"},"content":{"rendered":"<div class=\"wpb-content-wrapper\"><p>[vc_row content_placement=&#8220;middle&#8220;][vc_column][vc_row_inner content_placement=&#8220;middle&#8220; gap=&#8220;15&#8243;][vc_column_inner width=&#8220;1\/2&#8243;][vc_single_image image=&#8220;468&#8243; img_size=&#8220;full&#8220; css=&#8220;&#8220;][\/vc_column_inner][vc_column_inner width=&#8220;1\/2&#8243;][vc_custom_heading text=&#8220;TIROLER LECHTAL&#8220; font_container=&#8220;tag:h4|text_align:center|color:%239C3846&#8243; google_fonts=&#8220;font_family:Montserrat%3Aregular%2C700|font_style:400%20regular%3A400%3Anormal&#8220; css=&#8220;&#8220;][vc_custom_heading text=&#8220;WINTERURLAUB&#8220; font_container=&#8220;tag:h3|text_align:center|color:%239C3846&#8243; google_fonts=&#8220;font_family:Montserrat%3Aregular%2C700|font_style:700%20bold%20regular%3A700%3Anormal&#8220; css=&#8220;.vc_custom_1763474767089{margin-top: -20px !important;}&#8220;][vc_empty_space height=&#8220;10&#8243;][vc_column_text css=&#8220;&#8220;]<\/p>\n<p class=\"p1\" style=\"text-align: center;\">Ob Skifahren, Skitour, Winterwandern oder Rodeln \u2013 im Lechtal erleben Sie den Winter von seiner ruhigen, nat\u00fcrlichen Seite. Das Apartment Lechtal Alpin liegt ideal f\u00fcr unvergessliche Wintertage in den Tiroler Alpen.<\/p>\n<p>[\/vc_column_text][\/vc_column_inner][\/vc_row_inner][vc_empty_space height=&#8220;40&#8243;][\/vc_column][\/vc_row][vc_row full_width=&#8220;stretch_row&#8220; content_placement=&#8220;middle&#8220; css=&#8220;.vc_custom_1760690578123{margin-right: 10px !important;margin-left: 10px !important;background-image: url(https:\/\/apartment-lechtal-alpin.at\/wp-content\/uploads\/2025\/10\/Apartment-Lechtal-Alpin_Winter_3.jpg?id=282) !important;background-position: center !important;background-repeat: no-repeat !important;background-size: cover !important;}&#8220;][vc_column][vc_empty_space height=&#8220;100&#8243;][vc_row_inner][vc_column_inner width=&#8220;1\/2&#8243;][\/vc_column_inner][vc_column_inner width=&#8220;1\/2&#8243;][vc_cta h2=&#8220;SKITOUREN&#8220; h2_font_container=&#8220;tag:h3|text_align:center|color:%23FFFFFF&#8220; h2_google_fonts=&#8220;font_family:Montserrat%3Aregular%2C700|font_style:700%20bold%20regular%3A700%3Anormal&#8220; txt_align=&#8220;center&#8220; shape=&#8220;square&#8220; style=&#8220;custom&#8220; add_button=&#8220;bottom&#8220; btn_title=&#8220;DETAILS&#8220; btn_style=&#8220;flat&#8220; btn_shape=&#8220;square&#8220; btn_color=&#8220;white&#8220; btn_align=&#8220;center&#8220; css=&#8220;.vc_custom_1765291420637{border-top-width: 1px !important;border-right-width: 1px !important;border-bottom-width: 1px !important;border-left-width: 1px !important;border-color: #9C3846 !important;}&#8220; use_custom_fonts_h2=&#8220;true&#8220; custom_background=&#8220;#9C3846&#8243; custom_text=&#8220;#FFFFFF&#8220; btn_link=&#8220;url:https%3A%2F%2Fwww.lechtal-alpin.at%2Fwinter%2Fskitouren%2F|title:Skitouren|target:_blank&#8220;]<\/p>\n<p style=\"text-align: center;\"><span style=\"color: #ffffff;\">Abwechslungsreiche Routen f\u00fcr alle K\u00f6nnerstufen f\u00fchren durch unber\u00fchrte Winterlandschaften. Von sanften Anstiegen bis zu anspruchsvollen Gipfeltouren, bietet die Region Natur pur und echte Herausforderungen.<\/span><\/p>\n<p>[\/vc_cta][\/vc_column_inner][\/vc_row_inner][vc_empty_space height=&#8220;100&#8243;][\/vc_column][\/vc_row][vc_row content_placement=&#8220;middle&#8220;][vc_column][vc_empty_space height=&#8220;60&#8243;][vc_row_inner content_placement=&#8220;top&#8220; gap=&#8220;15&#8243;][vc_column_inner width=&#8220;1\/3&#8243;][vc_single_image image=&#8220;283&#8243; img_size=&#8220;full&#8220; css=&#8220;&#8220;][vc_custom_heading text=&#8220;FREERIDEN&#8220; font_container=&#8220;tag:h3|text_align:left|color:%233C3C3B&#8220; google_fonts=&#8220;font_family:Montserrat%3Aregular%2C700|font_style:700%20bold%20regular%3A700%3Anormal&#8220; css=&#8220;&#8220;][vc_column_text css=&#8220;&#8220;]Unber\u00fchrte Tiefschneeh\u00e4nge, abwechslungsreiches Gel\u00e4nde und atemberaubende Bergkulissen machen das Lechtal zum perfekten Spot f\u00fcr Freerider. Hier findet jeder Powderliebhaber sein Traumrevier.[\/vc_column_text][vc_btn title=&#8220;DETAILS&#8220; style=&#8220;custom&#8220; custom_background=&#8220;#9C3846&#8243; custom_text=&#8220;#FFFFFF&#8220; shape=&#8220;square&#8220; css=&#8220;&#8220; link=&#8220;url:https%3A%2F%2Fwww.lechtal-alpin.at%2Fwinter%2Ffreeriden%2F|title:Freeriden|target:_blank&#8220;][\/vc_column_inner][vc_column_inner width=&#8220;1\/3&#8243;][vc_single_image image=&#8220;285&#8243; img_size=&#8220;full&#8220; css=&#8220;&#8220;][vc_custom_heading text=&#8220;SKI ARLBERG&#8220; font_container=&#8220;tag:h3|text_align:left|color:%233C3C3B&#8220; google_fonts=&#8220;font_family:Montserrat%3Aregular%2C700|font_style:700%20bold%20regular%3A700%3Anormal&#8220; css=&#8220;&#8220;][vc_column_text css=&#8220;&#8220;]Die unglaublichen 305 Skiabfahrtskilometer, 88 Lifte und \u00fcber 200 Kilometer Tiefschneeabfahrten und Freeride-Pisten auf den unterschiedlichsten H\u00e4ngen garantieren perfekten Skispa\u00df![\/vc_column_text][vc_btn title=&#8220;DETAILS&#8220; style=&#8220;custom&#8220; custom_background=&#8220;#9C3846&#8243; custom_text=&#8220;#FFFFFF&#8220; shape=&#8220;square&#8220; css=&#8220;&#8220; link=&#8220;url:https%3A%2F%2Fwww.skiarlberg.at%2Fde|title:Arlberg|target:_blank&#8220;][\/vc_column_inner][vc_column_inner width=&#8220;1\/3&#8243;][vc_single_image image=&#8220;284&#8243; img_size=&#8220;full&#8220; css=&#8220;&#8220;][vc_custom_heading text=&#8220;LAWINENCAMP&#8220; font_container=&#8220;tag:h3|text_align:left|color:%233C3C3B&#8220; google_fonts=&#8220;font_family:Montserrat%3Aregular%2C700|font_style:700%20bold%20regular%3A700%3Anormal&#8220; css=&#8220;&#8220;][vc_column_text css=&#8220;&#8220;]Im Lawinencamp lernst du, dich im winterlichen Gebirge sicher zu bewegen. Gemeinsam \u00fcben wir den richtigen Umgang mit LVS-Ger\u00e4t, Sonde und Schaufel, bewerten die Lawinensituation und trainieren wichtige Entscheidungsstrategien.[\/vc_column_text][vc_btn title=&#8220;DETAILS&#8220; style=&#8220;custom&#8220; custom_background=&#8220;#9C3846&#8243; custom_text=&#8220;#FFFFFF&#8220; shape=&#8220;square&#8220; css=&#8220;&#8220; link=&#8220;url:https%3A%2F%2Fwww.lechtal-alpin.at%2Fwinter%2Flawinen-camps%2F|title:Lawinencamp|target:_blank&#8220;][\/vc_column_inner][\/vc_row_inner][vc_empty_space height=&#8220;40&#8243;][\/vc_column][\/vc_row][vc_row full_width=&#8220;stretch_row&#8220; content_placement=&#8220;middle&#8220; css=&#8220;.vc_custom_1764242833305{background-color: #E4E1DC !important;background-position: center !important;background-repeat: no-repeat !important;background-size: cover !important;}&#8220;][vc_column][vc_empty_space height=&#8220;60&#8243;][vc_row_inner content_placement=&#8220;top&#8220; gap=&#8220;15&#8243;][vc_column_inner width=&#8220;1\/3&#8243;][vc_single_image image=&#8220;445&#8243; img_size=&#8220;full&#8220; css=&#8220;&#8220;][vc_custom_heading text=&#8220;SCHNEESCHUH &amp; WINTERWANDERN&#8220; font_container=&#8220;tag:h3|text_align:left|color:%233C3C3B&#8220; google_fonts=&#8220;font_family:Montserrat%3Aregular%2C700|font_style:700%20bold%20regular%3A700%3Anormal&#8220; css=&#8220;&#8220;][vc_column_text css=&#8220;&#8220;]Mit Schneeschuhen wanderst du durch unber\u00fchrte Winterlandschaften, fernab vom Trubel der Pisten. Auf den zahlreichen Winterwanderwegen kannst du entspannt Kilometer sammeln und entlang des Lechs neue Energie tanken.[\/vc_column_text][\/vc_column_inner][vc_column_inner width=&#8220;1\/3&#8243;][vc_single_image image=&#8220;470&#8243; img_size=&#8220;full&#8220; css=&#8220;&#8220;][vc_custom_heading text=&#8220;LANGLAUFEN&#8220; font_container=&#8220;tag:h3|text_align:left|color:%233C3C3B&#8220; google_fonts=&#8220;font_family:Montserrat%3Aregular%2C700|font_style:700%20bold%20regular%3A700%3Anormal&#8220; css=&#8220;&#8220;][vc_column_text css=&#8220;&#8220;]Im Lechtal erwarten dich bestens pr\u00e4parierte Loipen f\u00fcr klassische Technik und Skating. Egal, ob Anf\u00e4nger oder erfahrener Langl\u00e4ufer \u2013 die abwechslungsreichen Strecken bieten dir Bewegung, Naturgenuss und Ruhe abseits des Trubels.[\/vc_column_text][\/vc_column_inner][vc_column_inner width=&#8220;1\/3&#8243;][vc_single_image image=&#8220;438&#8243; img_size=&#8220;full&#8220; css=&#8220;&#8220;][vc_custom_heading text=&#8220;RODELN&#8220; font_container=&#8220;tag:h3|text_align:left|color:%233C3C3B&#8220; google_fonts=&#8220;font_family:Montserrat%3Aregular%2C700|font_style:700%20bold%20regular%3A700%3Anormal&#8220; css=&#8220;&#8220;][vc_column_text css=&#8220;&#8220;]Eine Fahrt mit dem Rodel, runter ins Tal macht Spa\u00df und ist eine riesige Gaudi f\u00fcr Jung und Alt. Die Naturparkregion kann mit zahlreichen Rodelbahnen dienen. Die Strecken sind weitgehend familientauglich und teilweise auch am Abend beleuchtet.[\/vc_column_text][\/vc_column_inner][\/vc_row_inner][vc_empty_space height=&#8220;40&#8243;][\/vc_column][\/vc_row][vc_row full_width=&#8220;stretch_row&#8220; disable_element=&#8220;yes&#8220; css=&#8220;.vc_custom_1760687552841{background-image: url(https:\/\/apartment-lechtal-alpin.at\/wp-content\/uploads\/2025\/09\/Lechtal_Alpin_HG_grau_-scaled.png?id=89) !important;background-position: center !important;background-repeat: no-repeat !important;background-size: cover !important;}&#8220;][vc_column][vc_empty_space height=&#8220;70&#8243;][vc_empty_space height=&#8220;70&#8243;][vc_row_inner content_placement=&#8220;top&#8220; gap=&#8220;20&#8243;][vc_column_inner width=&#8220;1\/3&#8243;][vc_column_text css=&#8220;&#8220;]<img loading=\"lazy\" decoding=\"async\" class=\"aligncenter wp-image-237\" src=\"https:\/\/apartment-lechtal-alpin.at\/wp-content\/uploads\/2025\/10\/Apartment-Lechtal-Alpin_Icons-05.png\" alt=\"\" width=\"150\" height=\"150\" srcset=\"https:\/\/apartment-lechtal-alpin.at\/wp-content\/uploads\/2025\/10\/Apartment-Lechtal-Alpin_Icons-05.png 301w, https:\/\/apartment-lechtal-alpin.at\/wp-content\/uploads\/2025\/10\/Apartment-Lechtal-Alpin_Icons-05-150x150.png 150w, https:\/\/apartment-lechtal-alpin.at\/wp-content\/uploads\/2025\/10\/Apartment-Lechtal-Alpin_Icons-05-280x280.png 280w\" sizes=\"auto, (max-width: 150px) 100vw, 150px\" \/>[\/vc_column_text][vc_custom_heading text=&#8220;FR\u00dcHST\u00dcCK&#8220; font_container=&#8220;tag:h3|text_align:center|color:%23C4BDB1&#8243; use_theme_fonts=&#8220;yes&#8220; css=&#8220;&#8220;][vc_empty_space height=&#8220;10&#8243;][vc_column_text css=&#8220;&#8220;]<\/p>\n<p style=\"text-align: center;\"><span style=\"color: #ffffff;\">T\u00e4glich frische Br\u00f6tchen direkt an die T\u00fcr.<\/span><\/p>\n<p>[\/vc_column_text][\/vc_column_inner][vc_column_inner width=&#8220;1\/3&#8243;][vc_column_text css=&#8220;&#8220;]<img loading=\"lazy\" decoding=\"async\" class=\"aligncenter wp-image-239\" src=\"https:\/\/apartment-lechtal-alpin.at\/wp-content\/uploads\/2025\/10\/Apartment-Lechtal-Alpin_Icons-03.png\" alt=\"\" width=\"150\" height=\"150\" srcset=\"https:\/\/apartment-lechtal-alpin.at\/wp-content\/uploads\/2025\/10\/Apartment-Lechtal-Alpin_Icons-03.png 301w, https:\/\/apartment-lechtal-alpin.at\/wp-content\/uploads\/2025\/10\/Apartment-Lechtal-Alpin_Icons-03-150x150.png 150w, https:\/\/apartment-lechtal-alpin.at\/wp-content\/uploads\/2025\/10\/Apartment-Lechtal-Alpin_Icons-03-280x280.png 280w\" sizes=\"auto, (max-width: 150px) 100vw, 150px\" \/>[\/vc_column_text][vc_custom_heading text=&#8220;PARKEN&#8220; font_container=&#8220;tag:h3|text_align:center|color:%23C4BDB1&#8243; use_theme_fonts=&#8220;yes&#8220; css=&#8220;&#8220;][vc_empty_space height=&#8220;10&#8243;][vc_column_text css=&#8220;&#8220;]<\/p>\n<p style=\"text-align: center;\"><span style=\"color: #ffffff;\">Kostenlose Parkpl\u00e4tze w\u00e4hrend ihres Aufenthaltes.<\/span><\/p>\n<p>[\/vc_column_text][\/vc_column_inner][vc_column_inner width=&#8220;1\/3&#8243;][vc_column_text css=&#8220;&#8220;]<img loading=\"lazy\" decoding=\"async\" class=\"aligncenter wp-image-240\" src=\"https:\/\/apartment-lechtal-alpin.at\/wp-content\/uploads\/2025\/10\/Apartment-Lechtal-Alpin_Icons-04.png\" alt=\"\" width=\"150\" height=\"150\" srcset=\"https:\/\/apartment-lechtal-alpin.at\/wp-content\/uploads\/2025\/10\/Apartment-Lechtal-Alpin_Icons-04.png 301w, https:\/\/apartment-lechtal-alpin.at\/wp-content\/uploads\/2025\/10\/Apartment-Lechtal-Alpin_Icons-04-150x150.png 150w, https:\/\/apartment-lechtal-alpin.at\/wp-content\/uploads\/2025\/10\/Apartment-Lechtal-Alpin_Icons-04-280x280.png 280w\" sizes=\"auto, (max-width: 150px) 100vw, 150px\" \/>[\/vc_column_text][vc_custom_heading text=&#8220;WLAN&#8220; font_container=&#8220;tag:h3|text_align:center|color:%23C4BDB1&#8243; use_theme_fonts=&#8220;yes&#8220; css=&#8220;&#8220;][vc_empty_space height=&#8220;10&#8243;][vc_column_text css=&#8220;&#8220;]<\/p>\n<p style=\"text-align: center;\"><span style=\"color: #ffffff;\">Kostenloses WLAN verf\u00fcgbar.<\/span><\/p>\n<p>[\/vc_column_text][vc_column_text css=&#8220;&#8220;]<\/p>\n<p style=\"text-align: center;\"><span style=\"color: #ffffff;\">Haustiere nur auf <\/span><br \/>\n<span style=\"color: #ffffff;\">Anfrage.<\/span><\/p>\n<p>[\/vc_column_text][\/vc_column_inner][\/vc_row_inner][vc_empty_space height=&#8220;40&#8243;][\/vc_column][\/vc_row]<\/p>\n<\/div>","protected":false},"excerpt":{"rendered":"<p>[vc_row content_placement=&#8220;middle&#8220;][vc_column][vc_row_inner content_placement=&#8220;middle&#8220; gap=&#8220;15&#8243;][vc_column_inner width=&#8220;1\/2&#8243;][vc_single_image image=&#8220;468&#8243; img_size=&#8220;full&#8220; css=&#8220;&#8220;][\/vc_column_inner][vc_column_inner width=&#8220;1\/2&#8243;][vc_custom_heading text=&#8220;TIROLER LECHTAL&#8220; font_container=&#8220;tag:h4|text_align:center|color:%239C3846&#8243; google_fonts=&#8220;font_family:Montserrat%3Aregular%2C700|font_style:400%20regular%3A400%3Anormal&#8220; css=&#8220;&#8220;][vc_custom_heading text=&#8220;WINTERURLAUB&#8220; font_container=&#8220;tag:h3|text_align:center|color:%239C3846&#8243; google_fonts=&#8220;font_family:Montserrat%3Aregular%2C700|font_style:700%20bold%20regular%3A700%3Anormal&#8220; css=&#8220;.vc_custom_1763474767089{margin-top: -20px !important;}&#8220;][vc_empty_space height=&#8220;10&#8243;][vc_column_text css=&#8220;&#8220;] Ob Skifahren, Skitour, Winterwandern oder Rodeln \u2013 im Lechtal erleben Sie den Winter von seiner ruhigen, nat\u00fcrlichen Seite. Das Apartment Lechtal Alpin liegt ideal f\u00fcr unvergessliche Wintertage in [&hellip;]<\/p>\n","protected":false},"author":5,"featured_media":0,"parent":0,"menu_order":0,"comment_status":"closed","ping_status":"closed","template":"","meta":{"inspiro_page_layout":"narrow","inspiro_hide_title":false,"footnotes":""},"class_list":["post-147","page","type-page","status-publish","hentry"],"jetpack_sharing_enabled":true,"_links":{"self":[{"href":"https:\/\/apartment-lechtal-alpin.at\/index.php\/wp-json\/wp\/v2\/pages\/147","targetHints":{"allow":["GET"]}}],"collection":[{"href":"https:\/\/apartment-lechtal-alpin.at\/index.php\/wp-json\/wp\/v2\/pages"}],"about":[{"href":"https:\/\/apartment-lechtal-alpin.at\/index.php\/wp-json\/wp\/v2\/types\/page"}],"author":[{"embeddable":true,"href":"https:\/\/apartment-lechtal-alpin.at\/index.php\/wp-json\/wp\/v2\/users\/5"}],"replies":[{"embeddable":true,"href":"https:\/\/apartment-lechtal-alpin.at\/index.php\/wp-json\/wp\/v2\/comments?post=147"}],"version-history":[{"count":15,"href":"https:\/\/apartment-lechtal-alpin.at\/index.php\/wp-json\/wp\/v2\/pages\/147\/revisions"}],"predecessor-version":[{"id":471,"href":"https:\/\/apartment-lechtal-alpin.at\/index.php\/wp-json\/wp\/v2\/pages\/147\/revisions\/471"}],"wp:attachment":[{"href":"https:\/\/apartment-lechtal-alpin.at\/index.php\/wp-json\/wp\/v2\/media?parent=147"}],"curies":[{"name":"wp","href":"https:\/\/api.w.org\/{rel}","templated":true}]}}