{"id":145,"date":"2025-10-07T15:13:26","date_gmt":"2025-10-07T15:13:26","guid":{"rendered":"https:\/\/apartment-lechtal-alpin.at\/?page_id=145"},"modified":"2026-02-23T07:15:41","modified_gmt":"2026-02-23T07:15:41","slug":"sommer","status":"publish","type":"page","link":"https:\/\/apartment-lechtal-alpin.at\/index.php\/sommer\/","title":{"rendered":"SOMMER"},"content":{"rendered":"<div class=\"wpb-content-wrapper\"><p>[vc_row content_placement=&#8220;middle&#8220;][vc_column][vc_row_inner content_placement=&#8220;middle&#8220; gap=&#8220;15&#8243;][vc_column_inner width=&#8220;1\/2&#8243;][vc_single_image image=&#8220;464&#8243; img_size=&#8220;full&#8220; css=&#8220;&#8220;][\/vc_column_inner][vc_column_inner width=&#8220;1\/2&#8243;][vc_custom_heading text=&#8220;TIROLER LECHTAL&#8220; font_container=&#8220;tag:h4|text_align:center|color:%239C3846&#8243; google_fonts=&#8220;font_family:Montserrat%3Aregular%2C700|font_style:400%20regular%3A400%3Anormal&#8220; css=&#8220;&#8220;][vc_custom_heading text=&#8220;SOMMERURLAUB&#8220; font_container=&#8220;tag:h3|text_align:center|color:%239C3846&#8243; google_fonts=&#8220;font_family:Montserrat%3Aregular%2C700|font_style:700%20bold%20regular%3A700%3Anormal&#8220; css=&#8220;.vc_custom_1763474682970{margin-top: -20px !important;}&#8220;][vc_empty_space height=&#8220;10&#8243;][vc_column_text css=&#8220;&#8220;]<\/p>\n<p class=\"p1\" style=\"text-align: center;\">Wandern, Radfahren, Natur genie\u00dfen \u2013 rund um Elbigenalp erwartet dich ein Sommer voller Erlebnisse. Das Apartment Lechtal Alpin ist dein perfekter Ausgangspunkt f\u00fcr aktive und erholsame Tage in den Bergen.<\/p>\n<p>[\/vc_column_text][\/vc_column_inner][\/vc_row_inner][vc_empty_space height=&#8220;40&#8243;][\/vc_column][\/vc_row][vc_row full_width=&#8220;stretch_row&#8220; content_placement=&#8220;middle&#8220; css=&#8220;.vc_custom_1760688636976{margin-right: 10px !important;margin-left: 10px !important;background-image: url(https:\/\/apartment-lechtal-alpin.at\/wp-content\/uploads\/2025\/10\/Apartment-Lechtal-Alpin_Sommer_4.jpg?id=273) !important;background-position: center !important;background-repeat: no-repeat !important;background-size: cover !important;}&#8220;][vc_column][vc_empty_space height=&#8220;100&#8243;][vc_row_inner][vc_column_inner width=&#8220;1\/2&#8243;][\/vc_column_inner][vc_column_inner width=&#8220;1\/2&#8243;][vc_cta h2=&#8220;KLETTERN&#8220; h2_font_container=&#8220;tag:h3|text_align:center|color:%23FFFFFF&#8220; h2_google_fonts=&#8220;font_family:Montserrat%3Aregular%2C700|font_style:700%20bold%20regular%3A700%3Anormal&#8220; txt_align=&#8220;center&#8220; shape=&#8220;square&#8220; style=&#8220;custom&#8220; add_button=&#8220;bottom&#8220; btn_title=&#8220;DETAILS&#8220; btn_style=&#8220;flat&#8220; btn_shape=&#8220;square&#8220; btn_color=&#8220;white&#8220; btn_align=&#8220;center&#8220; css=&#8220;.vc_custom_1763474644947{border-top-width: 1px !important;border-right-width: 1px !important;border-bottom-width: 1px !important;border-left-width: 1px !important;border-color: #9C3846 !important;}&#8220; use_custom_fonts_h2=&#8220;true&#8220; custom_background=&#8220;#9C3846&#8243; custom_text=&#8220;#FFFFFF&#8220; btn_link=&#8220;url:https%3A%2F%2Fwww.lechtal-alpin.at%2Fsommer%2Fklettern%2F|title:Klettern|target:_blank&#8220;]<\/p>\n<p style=\"text-align: center;\"><span style=\"color: #ffffff;\">Ob Klettergarten, Klettersteig oder alpine Tour \u2013 das Lechtal bietet perfekte Bedingungen f\u00fcr jedes Kletterniveau. Direkt in Elbigenalp starten Sie ins Felsabenteuer!<\/span><\/p>\n<p>[\/vc_cta][\/vc_column_inner][\/vc_row_inner][vc_empty_space height=&#8220;100&#8243;][\/vc_column][\/vc_row][vc_row content_placement=&#8220;middle&#8220;][vc_column][vc_empty_space height=&#8220;60&#8243;][vc_row_inner content_placement=&#8220;top&#8220; gap=&#8220;15&#8243;][vc_column_inner width=&#8220;1\/6&#8243;][\/vc_column_inner][vc_column_inner width=&#8220;1\/3&#8243;][vc_single_image image=&#8220;466&#8243; img_size=&#8220;full&#8220; css=&#8220;&#8220;][vc_custom_heading text=&#8220;CANYONING&#8220; font_container=&#8220;tag:h3|text_align:left|color:%233C3C3B&#8220; google_fonts=&#8220;font_family:Montserrat%3Aregular%2C700|font_style:700%20bold%20regular%3A700%3Anormal&#8220; css=&#8220;&#8220;][vc_column_text css=&#8220;&#8220;]Klares Wasser, enge Schluchten und aufregende Abseilpassagen \u2013 das Lechtal ist ein Topspot f\u00fcr Canyoning. Erlebe unvergessliche Touren durch wilde Klammen, Spr\u00fcnge in nat\u00fcrliche Becken und das pures Abenteuer.[\/vc_column_text][vc_btn title=&#8220;DETAILS&#8220; style=&#8220;custom&#8220; custom_background=&#8220;#9C3846&#8243; custom_text=&#8220;#FFFFFF&#8220; shape=&#8220;square&#8220; css=&#8220;&#8220; link=&#8220;url:https%3A%2F%2Fwww.mk-canyoning.at|title:Canyoing|target:_blank&#8220;][\/vc_column_inner][vc_column_inner width=&#8220;1\/3&#8243;][vc_single_image image=&#8220;275&#8243; img_size=&#8220;full&#8220; css=&#8220;&#8220;][vc_custom_heading text=&#8220;BERGSTEIGEN&#8220; font_container=&#8220;tag:h3|text_align:left|color:%233C3C3B&#8220; google_fonts=&#8220;font_family:Montserrat%3Aregular%2C700|font_style:700%20bold%20regular%3A700%3Anormal&#8220; css=&#8220;&#8220;][vc_column_text css=&#8220;&#8220;]Alpine Gipfel, stille Pfade und atemberaubende Ausblicke \u2013 das Lechtal ist ein Traumziel f\u00fcr Bergsteiger. Von Elbigenalp aus erreichen Sie zahlreiche Touren, darunter Klassiker wie die Wolfebnerspitze, Marchspitze oder Dremelspitze.[\/vc_column_text][vc_btn title=&#8220;DETAILS&#8220; style=&#8220;custom&#8220; custom_background=&#8220;#9C3846&#8243; custom_text=&#8220;#FFFFFF&#8220; shape=&#8220;square&#8220; css=&#8220;&#8220; link=&#8220;url:https%3A%2F%2Fwww.lechtal-alpin.at%2Fsommer%2Fbergsteigen-grat%C3%BCberschreitungen%2F|title:Bergsteigen|target:_blank&#8220;][\/vc_column_inner][vc_column_inner width=&#8220;1\/6&#8243;][\/vc_column_inner][\/vc_row_inner][vc_empty_space height=&#8220;40&#8243;][\/vc_column][\/vc_row][vc_row full_width=&#8220;stretch_row&#8220; content_placement=&#8220;middle&#8220; css=&#8220;.vc_custom_1764242493409{background-color: #E4E1DC !important;background-position: center !important;background-repeat: no-repeat !important;background-size: cover !important;}&#8220;][vc_column][vc_empty_space height=&#8220;60&#8243;][vc_row_inner content_placement=&#8220;top&#8220; gap=&#8220;15&#8243;][vc_column_inner width=&#8220;1\/3&#8243;][vc_single_image image=&#8220;434&#8243; img_size=&#8220;full&#8220; css=&#8220;&#8220;][vc_custom_heading text=&#8220;DER LECHWEG&#8220; font_container=&#8220;tag:h3|text_align:left|color:%233C3C3B&#8220; google_fonts=&#8220;font_family:Montserrat%3Aregular%2C700|font_style:700%20bold%20regular%3A700%3Anormal&#8220; css=&#8220;&#8220;][vc_column_text css=&#8220;&#8220;]Als erster europ\u00e4isch zertifizierter Fernwanderweg bietet der 125 Kilometer lange Lechweg ein einzigartiges Naturerlebnis. Von seiner Quelle nahe des Formarinsees im \u00f6sterreichischen Bundesland Vorarlberg bis hin zum Lechfall in F\u00fcssen im Allg\u00e4u.[\/vc_column_text][\/vc_column_inner][vc_column_inner width=&#8220;1\/3&#8243;][vc_single_image image=&#8220;432&#8243; img_size=&#8220;full&#8220; css=&#8220;&#8220;][vc_custom_heading text=&#8220;MOUNTAIN- &amp; E-BIKE&#8220; font_container=&#8220;tag:h3|text_align:left|color:%233C3C3B&#8220; google_fonts=&#8220;font_family:Montserrat%3Aregular%2C700|font_style:700%20bold%20regular%3A700%3Anormal&#8220; css=&#8220;&#8220;][vc_column_text css=&#8220;&#8220;]Ein Radurlaub mit dem Mountainbike, E-Bike oder Gravelbike ist im Tiroler Lechtal ein unvergessliches Erlebnis. Zahlreiche Routen er\u00f6ffnet ihnen einen ganz neuen Blick auf unser urspr\u00fcngliches Tal.[\/vc_column_text][\/vc_column_inner][vc_column_inner width=&#8220;1\/3&#8243;][vc_single_image image=&#8220;443&#8243; img_size=&#8220;full&#8220; css=&#8220;&#8220;][vc_custom_heading text=&#8220;VITALWEG&#8220; font_container=&#8220;tag:h3|text_align:left|color:%233C3C3B&#8220; google_fonts=&#8220;font_family:Montserrat%3Aregular%2C700|font_style:700%20bold%20regular%3A700%3Anormal&#8220; css=&#8220;&#8220;][vc_column_text css=&#8220;&#8220;]Der Vitalweg in Holzgau setzt sich besonders mit dem Element Wasser auseinander. Gesundheitsbewusste k\u00f6nnen das Wassertreten an drei Stellen jeweils im nat\u00fcrlichen Bachlauf ausprobieren. Dort warten zudem Gie\u00dfkannen, um die belebenden Kneipp-G\u00fcsse im Selbstversuch durchzuf\u00fchren.[\/vc_column_text][\/vc_column_inner][\/vc_row_inner][vc_empty_space height=&#8220;40&#8243;][\/vc_column][\/vc_row][vc_row full_width=&#8220;stretch_row&#8220; disable_element=&#8220;yes&#8220; css=&#8220;.vc_custom_1760687552841{background-image: url(https:\/\/apartment-lechtal-alpin.at\/wp-content\/uploads\/2025\/09\/Lechtal_Alpin_HG_grau_-scaled.png?id=89) !important;background-position: center !important;background-repeat: no-repeat !important;background-size: cover !important;}&#8220;][vc_column][vc_empty_space height=&#8220;70&#8243;][vc_empty_space height=&#8220;70&#8243;][vc_row_inner content_placement=&#8220;top&#8220; gap=&#8220;20&#8243;][vc_column_inner width=&#8220;1\/3&#8243;][vc_column_text css=&#8220;&#8220;]<img loading=\"lazy\" decoding=\"async\" class=\"aligncenter wp-image-237\" src=\"https:\/\/apartment-lechtal-alpin.at\/wp-content\/uploads\/2025\/10\/Apartment-Lechtal-Alpin_Icons-05.png\" alt=\"\" width=\"150\" height=\"150\" srcset=\"https:\/\/apartment-lechtal-alpin.at\/wp-content\/uploads\/2025\/10\/Apartment-Lechtal-Alpin_Icons-05.png 301w, https:\/\/apartment-lechtal-alpin.at\/wp-content\/uploads\/2025\/10\/Apartment-Lechtal-Alpin_Icons-05-150x150.png 150w, https:\/\/apartment-lechtal-alpin.at\/wp-content\/uploads\/2025\/10\/Apartment-Lechtal-Alpin_Icons-05-280x280.png 280w\" sizes=\"auto, (max-width: 150px) 100vw, 150px\" \/>[\/vc_column_text][vc_custom_heading text=&#8220;FR\u00dcHST\u00dcCK&#8220; font_container=&#8220;tag:h3|text_align:center|color:%23C4BDB1&#8243; use_theme_fonts=&#8220;yes&#8220; css=&#8220;&#8220;][vc_empty_space height=&#8220;10&#8243;][vc_column_text css=&#8220;&#8220;]<\/p>\n<p style=\"text-align: center;\"><span style=\"color: #ffffff;\">T\u00e4glich frische Br\u00f6tchen direkt an die T\u00fcr.<\/span><\/p>\n<p>[\/vc_column_text][\/vc_column_inner][vc_column_inner width=&#8220;1\/3&#8243;][vc_column_text css=&#8220;&#8220;]<img loading=\"lazy\" decoding=\"async\" class=\"aligncenter wp-image-239\" src=\"https:\/\/apartment-lechtal-alpin.at\/wp-content\/uploads\/2025\/10\/Apartment-Lechtal-Alpin_Icons-03.png\" alt=\"\" width=\"150\" height=\"150\" srcset=\"https:\/\/apartment-lechtal-alpin.at\/wp-content\/uploads\/2025\/10\/Apartment-Lechtal-Alpin_Icons-03.png 301w, https:\/\/apartment-lechtal-alpin.at\/wp-content\/uploads\/2025\/10\/Apartment-Lechtal-Alpin_Icons-03-150x150.png 150w, https:\/\/apartment-lechtal-alpin.at\/wp-content\/uploads\/2025\/10\/Apartment-Lechtal-Alpin_Icons-03-280x280.png 280w\" sizes=\"auto, (max-width: 150px) 100vw, 150px\" \/>[\/vc_column_text][vc_custom_heading text=&#8220;PARKEN&#8220; font_container=&#8220;tag:h3|text_align:center|color:%23C4BDB1&#8243; use_theme_fonts=&#8220;yes&#8220; css=&#8220;&#8220;][vc_empty_space height=&#8220;10&#8243;][vc_column_text css=&#8220;&#8220;]<\/p>\n<p style=\"text-align: center;\"><span style=\"color: #ffffff;\">Kostenlose Parkpl\u00e4tze w\u00e4hrend ihres Aufenthaltes.<\/span><\/p>\n<p>[\/vc_column_text][\/vc_column_inner][vc_column_inner width=&#8220;1\/3&#8243;][vc_column_text css=&#8220;&#8220;]<img loading=\"lazy\" decoding=\"async\" class=\"aligncenter wp-image-240\" src=\"https:\/\/apartment-lechtal-alpin.at\/wp-content\/uploads\/2025\/10\/Apartment-Lechtal-Alpin_Icons-04.png\" alt=\"\" width=\"150\" height=\"150\" srcset=\"https:\/\/apartment-lechtal-alpin.at\/wp-content\/uploads\/2025\/10\/Apartment-Lechtal-Alpin_Icons-04.png 301w, https:\/\/apartment-lechtal-alpin.at\/wp-content\/uploads\/2025\/10\/Apartment-Lechtal-Alpin_Icons-04-150x150.png 150w, https:\/\/apartment-lechtal-alpin.at\/wp-content\/uploads\/2025\/10\/Apartment-Lechtal-Alpin_Icons-04-280x280.png 280w\" sizes=\"auto, (max-width: 150px) 100vw, 150px\" \/>[\/vc_column_text][vc_custom_heading text=&#8220;WLAN&#8220; font_container=&#8220;tag:h3|text_align:center|color:%23C4BDB1&#8243; use_theme_fonts=&#8220;yes&#8220; css=&#8220;&#8220;][vc_empty_space height=&#8220;10&#8243;][vc_column_text css=&#8220;&#8220;]<\/p>\n<p style=\"text-align: center;\"><span style=\"color: #ffffff;\">Kostenloses WLAN verf\u00fcgbar.<\/span><\/p>\n<p>[\/vc_column_text][vc_column_text css=&#8220;&#8220;]<\/p>\n<p style=\"text-align: center;\"><span style=\"color: #ffffff;\">Haustiere nur auf <\/span><br \/>\n<span style=\"color: #ffffff;\">Anfrage.<\/span><\/p>\n<p>[\/vc_column_text][\/vc_column_inner][\/vc_row_inner][vc_empty_space height=&#8220;40&#8243;][\/vc_column][\/vc_row]<\/p>\n<\/div>","protected":false},"excerpt":{"rendered":"<p>[vc_row content_placement=&#8220;middle&#8220;][vc_column][vc_row_inner content_placement=&#8220;middle&#8220; gap=&#8220;15&#8243;][vc_column_inner width=&#8220;1\/2&#8243;][vc_single_image image=&#8220;464&#8243; img_size=&#8220;full&#8220; css=&#8220;&#8220;][\/vc_column_inner][vc_column_inner width=&#8220;1\/2&#8243;][vc_custom_heading text=&#8220;TIROLER LECHTAL&#8220; font_container=&#8220;tag:h4|text_align:center|color:%239C3846&#8243; google_fonts=&#8220;font_family:Montserrat%3Aregular%2C700|font_style:400%20regular%3A400%3Anormal&#8220; css=&#8220;&#8220;][vc_custom_heading text=&#8220;SOMMERURLAUB&#8220; font_container=&#8220;tag:h3|text_align:center|color:%239C3846&#8243; google_fonts=&#8220;font_family:Montserrat%3Aregular%2C700|font_style:700%20bold%20regular%3A700%3Anormal&#8220; css=&#8220;.vc_custom_1763474682970{margin-top: -20px !important;}&#8220;][vc_empty_space height=&#8220;10&#8243;][vc_column_text css=&#8220;&#8220;] Wandern, Radfahren, Natur genie\u00dfen \u2013 rund um Elbigenalp erwartet dich ein Sommer voller Erlebnisse. Das Apartment Lechtal Alpin ist dein perfekter Ausgangspunkt f\u00fcr aktive und erholsame Tage in [&hellip;]<\/p>\n","protected":false},"author":5,"featured_media":0,"parent":0,"menu_order":0,"comment_status":"closed","ping_status":"closed","template":"","meta":{"inspiro_page_layout":"narrow","inspiro_hide_title":false,"footnotes":""},"class_list":["post-145","page","type-page","status-publish","hentry"],"jetpack_sharing_enabled":true,"_links":{"self":[{"href":"https:\/\/apartment-lechtal-alpin.at\/index.php\/wp-json\/wp\/v2\/pages\/145","targetHints":{"allow":["GET"]}}],"collection":[{"href":"https:\/\/apartment-lechtal-alpin.at\/index.php\/wp-json\/wp\/v2\/pages"}],"about":[{"href":"https:\/\/apartment-lechtal-alpin.at\/index.php\/wp-json\/wp\/v2\/types\/page"}],"author":[{"embeddable":true,"href":"https:\/\/apartment-lechtal-alpin.at\/index.php\/wp-json\/wp\/v2\/users\/5"}],"replies":[{"embeddable":true,"href":"https:\/\/apartment-lechtal-alpin.at\/index.php\/wp-json\/wp\/v2\/comments?post=145"}],"version-history":[{"count":22,"href":"https:\/\/apartment-lechtal-alpin.at\/index.php\/wp-json\/wp\/v2\/pages\/145\/revisions"}],"predecessor-version":[{"id":511,"href":"https:\/\/apartment-lechtal-alpin.at\/index.php\/wp-json\/wp\/v2\/pages\/145\/revisions\/511"}],"wp:attachment":[{"href":"https:\/\/apartment-lechtal-alpin.at\/index.php\/wp-json\/wp\/v2\/media?parent=145"}],"curies":[{"name":"wp","href":"https:\/\/api.w.org\/{rel}","templated":true}]}}