{"id":143,"date":"2025-10-07T15:13:08","date_gmt":"2025-10-07T15:13:08","guid":{"rendered":"https:\/\/apartment-lechtal-alpin.at\/?page_id=143"},"modified":"2025-11-18T13:50:31","modified_gmt":"2025-11-18T13:50:31","slug":"freizeit","status":"publish","type":"page","link":"https:\/\/apartment-lechtal-alpin.at\/index.php\/freizeit\/","title":{"rendered":"FREIZEIT"},"content":{"rendered":"<div class=\"wpb-content-wrapper\"><p>[vc_row][vc_column width=&#8220;1\/4&#8243;][\/vc_column][vc_column width=&#8220;1\/2&#8243;][vc_custom_heading text=&#8220;NATURPARK&#8220; font_container=&#8220;tag:h4|text_align:center|color:%239C3846&#8243; google_fonts=&#8220;font_family:Montserrat%3Aregular%2C700|font_style:400%20regular%3A400%3Anormal&#8220; css=&#8220;&#8220;][vc_custom_heading text=&#8220;TIROLER LECH&#8220; font_container=&#8220;tag:h3|text_align:center|color:%239C3846&#8243; google_fonts=&#8220;font_family:Montserrat%3Aregular%2C700|font_style:700%20bold%20regular%3A700%3Anormal&#8220; css=&#8220;.vc_custom_1763473382429{margin-top: -20px !important;}&#8220;][vc_empty_space height=&#8220;10&#8243;][vc_column_text css=&#8220;&#8220;]<\/p>\n<p style=\"text-align: center;\">Das Tiroler Lechtal bietet zu jeder Jahreszeit unz\u00e4hlige M\u00f6glichkeiten f\u00fcr aktive Erholung inmitten unber\u00fchrter Natur. Ob beim Wandern, Radfahren, Skifahren oder einfach beim Innehalten \u2013 hier findest du Raum zum Durchatmen, Entschleunigen und Genie\u00dfen.<\/p>\n<p>[\/vc_column_text][vc_empty_space height=&#8220;40&#8243;][\/vc_column][vc_column width=&#8220;1\/4&#8243;][\/vc_column][\/vc_row][vc_row full_width=&#8220;stretch_row&#8220; content_placement=&#8220;middle&#8220; css=&#8220;.vc_custom_1760620579706{background-image: url(https:\/\/apartment-lechtal-alpin.at\/wp-content\/uploads\/2025\/09\/Lechtal_Alpin_Beton.jpg?id=74) !important;background-position: center !important;background-repeat: no-repeat !important;background-size: cover !important;}&#8220;][vc_column width=&#8220;1\/6&#8243;][\/vc_column][vc_column width=&#8220;2\/3&#8243;][vc_empty_space height=&#8220;60&#8243;][vc_row_inner content_placement=&#8220;top&#8220; gap=&#8220;15&#8243;][vc_column_inner width=&#8220;1\/2&#8243;][vc_single_image image=&#8220;254&#8243; img_size=&#8220;full&#8220; css=&#8220;&#8220;][vc_custom_heading text=&#8220;SOMMER&#8220; font_container=&#8220;tag:h3|text_align:left|color:%233C3C3B&#8220; google_fonts=&#8220;font_family:Montserrat%3Aregular%2C700|font_style:700%20bold%20regular%3A700%3Anormal&#8220; css=&#8220;&#8220;][vc_column_text css=&#8220;&#8220;]Bl\u00fchende Almwiesen, klare Bergluft und unz\u00e4hlige Wander- und Bikewege \u2013 der Lechtaler Sommer ist wie gemacht f\u00fcr Naturliebhaber und alle, die die Berge aktiv erleben m\u00f6chten.[\/vc_column_text][vc_btn title=&#8220;SOMMER&#8220; style=&#8220;custom&#8220; custom_background=&#8220;#3C3C3B&#8220; custom_text=&#8220;#FFFFFF&#8220; shape=&#8220;square&#8220; align=&#8220;left&#8220; css=&#8220;&#8220; link=&#8220;url:https%3A%2F%2Fapartment-lechtal-alpin.at%2Findex.php%2Fsommer%2F|title:SOMMER&#8220;][\/vc_column_inner][vc_column_inner width=&#8220;1\/2&#8243;][vc_single_image image=&#8220;255&#8243; img_size=&#8220;full&#8220; css=&#8220;&#8220;][vc_custom_heading text=&#8220;WINTER&#8220; font_container=&#8220;tag:h3|text_align:left|color:%233C3C3B&#8220; google_fonts=&#8220;font_family:Montserrat%3Aregular%2C700|font_style:700%20bold%20regular%3A700%3Anormal&#8220; css=&#8220;&#8220;][vc_column_text css=&#8220;&#8220;]Verschneite Landschaften, stille Winterwanderwege und traumhafte Skitouren \u2013 der Winter im Lechtal zeigt sich von seiner stillen, urspr\u00fcnglichen Seite.[\/vc_column_text][vc_btn title=&#8220;WINTER&#8220; style=&#8220;custom&#8220; custom_background=&#8220;#3C3C3B&#8220; custom_text=&#8220;#FFFFFF&#8220; shape=&#8220;square&#8220; align=&#8220;left&#8220; css=&#8220;&#8220; link=&#8220;url:https%3A%2F%2Fapartment-lechtal-alpin.at%2Findex.php%2Fwinter%2F|title:SOMMER&#8220;][vc_column_text css=&#8220;&#8220;][\/vc_column_text][\/vc_column_inner][\/vc_row_inner][vc_empty_space height=&#8220;40&#8243;][\/vc_column][vc_column width=&#8220;1\/6&#8243;][\/vc_column][\/vc_row][vc_row][vc_column][vc_empty_space height=&#8220;40&#8243;][vc_row_inner][vc_column_inner width=&#8220;1\/3&#8243;][vc_cta h2=&#8220;LECHTAL ALPIN&#8220; h2_font_container=&#8220;tag:h3|text_align:left|color:%23FFFFFF&#8220; h2_google_fonts=&#8220;font_family:Montserrat%3Aregular%2C700|font_style:700%20bold%20regular%3A700%3Anormal&#8220; shape=&#8220;square&#8220; style=&#8220;custom&#8220; css=&#8220;.vc_custom_1763473798681{border-top-width: 1px !important;border-right-width: 1px !important;border-bottom-width: 1px !important;border-left-width: 1px !important;border-color: #3C3C3B !important;}&#8220; use_custom_fonts_h2=&#8220;true&#8220; custom_background=&#8220;#3C3C3B&#8220; custom_text=&#8220;#FFFFFF&#8220;]<\/p>\n<p style=\"text-align: left;\"><span style=\"color: #ffffff;\">Alpine Touren werden direkt vom Gastgeber \u2013 staatlich gepr\u00fcften Bergf\u00fchrer \u2013 geplant, organisiert und gef\u00fchrt. Ob im Tiroler Lechtal, am Arlberg oder dar\u00fcber hinaus: Von Einsteiger-Touren bis hin zu anspruchsvollen Klassikern oder individuell geplanten Zielen.<\/span><\/p>\n<p>[\/vc_cta][\/vc_column_inner][vc_column_inner width=&#8220;1\/3&#8243;][vc_cta h2=&#8220;LECHTAL ACTIV CARD&#8220; h2_font_container=&#8220;tag:h3|text_align:left|color:%233C3C3B&#8220; h2_google_fonts=&#8220;font_family:Montserrat%3Aregular%2C700|font_style:700%20bold%20regular%3A700%3Anormal&#8220; txt_align=&#8220;center&#8220; shape=&#8220;square&#8220; style=&#8220;custom&#8220; css=&#8220;.vc_custom_1763473814551{border-top-width: 1px !important;border-right-width: 1px !important;border-bottom-width: 1px !important;border-left-width: 1px !important;border-color: #C4BDB1 !important;}&#8220; use_custom_fonts_h2=&#8220;true&#8220; custom_background=&#8220;#C4BDB1&#8243; custom_text=&#8220;#3C3C3B&#8220;]<\/p>\n<p style=\"text-align: left;\"><strong>G\u00dcLTIG VON MAI BIS OKTOBER<\/strong><br \/>\nNeben kostenlosem Wanderbus, erm\u00e4\u00dfigten Eintritten oder einmalig kostenlosen Bergbahnfahrten bietet die Karte auch ein umfangreiches Freizeitprogramm f\u00fcr die ganze Familie.<\/p>\n<p>[\/vc_cta][\/vc_column_inner][vc_column_inner width=&#8220;1\/3&#8243;][vc_cta h2=&#8220;LECHTAL TOURISMUS&#8220; h2_font_container=&#8220;tag:h3|text_align:left|color:%23FFFFFF&#8220; h2_google_fonts=&#8220;font_family:Montserrat%3Aregular%2C700|font_style:700%20bold%20regular%3A700%3Anormal&#8220; txt_align=&#8220;center&#8220; shape=&#8220;square&#8220; style=&#8220;custom&#8220; add_button=&#8220;bottom&#8220; btn_title=&#8220;\u00d6FFNUNGSZEITEN&#8220; btn_style=&#8220;flat&#8220; btn_shape=&#8220;square&#8220; btn_color=&#8220;white&#8220; css=&#8220;.vc_custom_1763473829657{border-top-width: 1px !important;border-right-width: 1px !important;border-bottom-width: 1px !important;border-left-width: 1px !important;border-color: #9C3846 !important;}&#8220; use_custom_fonts_h2=&#8220;true&#8220; custom_background=&#8220;#9C3846&#8243; custom_text=&#8220;#FFFFFF&#8220; btn_link=&#8220;url:https%3A%2F%2Fwww.lechtal.at%2Fde%2Finfrastrukturen%2Flechtal-tourismus-info-hauptbuero-elbigenalp.html|target:_blank&#8220;]<\/p>\n<p style=\"text-align: left;\"><span style=\"color: #ffffff;\">Dorf 46<\/span><br \/>\n<span style=\"color: #ffffff;\">6652 Elbigenalp<\/span><\/p>\n<p style=\"text-align: left;\"><span style=\"color: #ffffff;\"><strong>T<\/strong> +43 5634 5315<\/span><br \/>\n<span style=\"color: #ffffff;\"><strong>M<\/strong> info@lechtal.at<\/span><br \/>\n<span style=\"color: #ffffff;\"><strong>www.lechtal.at<\/strong><\/span><\/p>\n<p>[\/vc_cta][\/vc_column_inner][\/vc_row_inner][vc_empty_space height=&#8220;40&#8243;][\/vc_column][\/vc_row][vc_row full_width=&#8220;stretch_row&#8220; disable_element=&#8220;yes&#8220; css=&#8220;.vc_custom_1760620286079{background-image: url(https:\/\/apartment-lechtal-alpin.at\/wp-content\/uploads\/2025\/09\/Lechtal_Alpin_HG_grau_-scaled.png?id=89) !important;background-position: center !important;background-repeat: no-repeat !important;background-size: cover !important;}&#8220;][vc_column][vc_empty_space height=&#8220;70&#8243;][vc_empty_space height=&#8220;70&#8243;][vc_row_inner content_placement=&#8220;top&#8220; gap=&#8220;20&#8243;][vc_column_inner width=&#8220;1\/4&#8243;][vc_column_text css=&#8220;&#8220;]<img loading=\"lazy\" decoding=\"async\" class=\"aligncenter wp-image-237\" src=\"https:\/\/apartment-lechtal-alpin.at\/wp-content\/uploads\/2025\/10\/Apartment-Lechtal-Alpin_Icons-05.png\" alt=\"\" width=\"150\" height=\"150\" srcset=\"https:\/\/apartment-lechtal-alpin.at\/wp-content\/uploads\/2025\/10\/Apartment-Lechtal-Alpin_Icons-05.png 301w, https:\/\/apartment-lechtal-alpin.at\/wp-content\/uploads\/2025\/10\/Apartment-Lechtal-Alpin_Icons-05-150x150.png 150w, https:\/\/apartment-lechtal-alpin.at\/wp-content\/uploads\/2025\/10\/Apartment-Lechtal-Alpin_Icons-05-280x280.png 280w\" sizes=\"auto, (max-width: 150px) 100vw, 150px\" \/>[\/vc_column_text][vc_custom_heading text=&#8220;FR\u00dcHST\u00dcCK&#8220; font_container=&#8220;tag:h3|text_align:center|color:%23C4BDB1&#8243; use_theme_fonts=&#8220;yes&#8220; css=&#8220;&#8220;][vc_empty_space height=&#8220;10&#8243;][vc_column_text css=&#8220;&#8220;]<\/p>\n<p style=\"text-align: center;\"><span style=\"color: #ffffff;\">T\u00e4glich frische Br\u00f6tchen direkt an die T\u00fcr.<\/span><\/p>\n<p>[\/vc_column_text][\/vc_column_inner][vc_column_inner width=&#8220;1\/4&#8243;][vc_column_text css=&#8220;&#8220;]<img loading=\"lazy\" decoding=\"async\" class=\"aligncenter wp-image-239\" src=\"https:\/\/apartment-lechtal-alpin.at\/wp-content\/uploads\/2025\/10\/Apartment-Lechtal-Alpin_Icons-03.png\" alt=\"\" width=\"150\" height=\"150\" srcset=\"https:\/\/apartment-lechtal-alpin.at\/wp-content\/uploads\/2025\/10\/Apartment-Lechtal-Alpin_Icons-03.png 301w, https:\/\/apartment-lechtal-alpin.at\/wp-content\/uploads\/2025\/10\/Apartment-Lechtal-Alpin_Icons-03-150x150.png 150w, https:\/\/apartment-lechtal-alpin.at\/wp-content\/uploads\/2025\/10\/Apartment-Lechtal-Alpin_Icons-03-280x280.png 280w\" sizes=\"auto, (max-width: 150px) 100vw, 150px\" \/>[\/vc_column_text][vc_custom_heading text=&#8220;PARKEN&#8220; font_container=&#8220;tag:h3|text_align:center|color:%23C4BDB1&#8243; use_theme_fonts=&#8220;yes&#8220; css=&#8220;&#8220;][vc_empty_space height=&#8220;10&#8243;][vc_column_text css=&#8220;&#8220;]<\/p>\n<p style=\"text-align: center;\"><span style=\"color: #ffffff;\">Kostenlose Parkpl\u00e4tze w\u00e4hrend ihres Aufenthaltes.<\/span><\/p>\n<p>[\/vc_column_text][\/vc_column_inner][vc_column_inner width=&#8220;1\/4&#8243;][vc_column_text css=&#8220;&#8220;]<img loading=\"lazy\" decoding=\"async\" class=\"aligncenter wp-image-240\" src=\"https:\/\/apartment-lechtal-alpin.at\/wp-content\/uploads\/2025\/10\/Apartment-Lechtal-Alpin_Icons-04.png\" alt=\"\" width=\"150\" height=\"150\" srcset=\"https:\/\/apartment-lechtal-alpin.at\/wp-content\/uploads\/2025\/10\/Apartment-Lechtal-Alpin_Icons-04.png 301w, https:\/\/apartment-lechtal-alpin.at\/wp-content\/uploads\/2025\/10\/Apartment-Lechtal-Alpin_Icons-04-150x150.png 150w, https:\/\/apartment-lechtal-alpin.at\/wp-content\/uploads\/2025\/10\/Apartment-Lechtal-Alpin_Icons-04-280x280.png 280w\" sizes=\"auto, (max-width: 150px) 100vw, 150px\" \/>[\/vc_column_text][vc_custom_heading text=&#8220;WLAN&#8220; font_container=&#8220;tag:h3|text_align:center|color:%23C4BDB1&#8243; use_theme_fonts=&#8220;yes&#8220; css=&#8220;&#8220;][vc_empty_space height=&#8220;10&#8243;][vc_column_text css=&#8220;&#8220;]<\/p>\n<p style=\"text-align: center;\"><span style=\"color: #ffffff;\">Kostenloses WLAN verf\u00fcgbar.<\/span><\/p>\n<p>[\/vc_column_text][\/vc_column_inner][vc_column_inner width=&#8220;1\/4&#8243;][vc_column_text css=&#8220;&#8220;]<img loading=\"lazy\" decoding=\"async\" class=\"aligncenter wp-image-243\" src=\"https:\/\/apartment-lechtal-alpin.at\/wp-content\/uploads\/2025\/10\/Apartment-Lechtal-Alpin_Icons-06.png\" alt=\"\" width=\"150\" height=\"150\" srcset=\"https:\/\/apartment-lechtal-alpin.at\/wp-content\/uploads\/2025\/10\/Apartment-Lechtal-Alpin_Icons-06.png 301w, https:\/\/apartment-lechtal-alpin.at\/wp-content\/uploads\/2025\/10\/Apartment-Lechtal-Alpin_Icons-06-150x150.png 150w, https:\/\/apartment-lechtal-alpin.at\/wp-content\/uploads\/2025\/10\/Apartment-Lechtal-Alpin_Icons-06-280x280.png 280w\" sizes=\"auto, (max-width: 150px) 100vw, 150px\" \/>[\/vc_column_text][vc_custom_heading text=&#8220;HAUSTIERE&#8220; font_container=&#8220;tag:h3|text_align:center|color:%23C4BDB1&#8243; use_theme_fonts=&#8220;yes&#8220; css=&#8220;&#8220;][vc_empty_space height=&#8220;10&#8243;][vc_column_text css=&#8220;&#8220;]<\/p>\n<p style=\"text-align: center;\"><span style=\"color: #ffffff;\">Haustiere nur auf <\/span><br \/>\n<span style=\"color: #ffffff;\">Anfrage.<\/span><\/p>\n<p>[\/vc_column_text][\/vc_column_inner][\/vc_row_inner][vc_empty_space height=&#8220;40&#8243;][\/vc_column][\/vc_row]<\/p>\n<\/div>","protected":false},"excerpt":{"rendered":"<p>[vc_row][vc_column width=&#8220;1\/4&#8243;][\/vc_column][vc_column width=&#8220;1\/2&#8243;][vc_custom_heading text=&#8220;NATURPARK&#8220; font_container=&#8220;tag:h4|text_align:center|color:%239C3846&#8243; google_fonts=&#8220;font_family:Montserrat%3Aregular%2C700|font_style:400%20regular%3A400%3Anormal&#8220; css=&#8220;&#8220;][vc_custom_heading text=&#8220;TIROLER LECH&#8220; font_container=&#8220;tag:h3|text_align:center|color:%239C3846&#8243; google_fonts=&#8220;font_family:Montserrat%3Aregular%2C700|font_style:700%20bold%20regular%3A700%3Anormal&#8220; css=&#8220;.vc_custom_1763473382429{margin-top: -20px !important;}&#8220;][vc_empty_space height=&#8220;10&#8243;][vc_column_text css=&#8220;&#8220;] Das Tiroler Lechtal bietet zu jeder Jahreszeit unz\u00e4hlige M\u00f6glichkeiten f\u00fcr aktive Erholung inmitten unber\u00fchrter Natur. Ob beim Wandern, Radfahren, Skifahren oder einfach beim Innehalten \u2013 hier findest du Raum zum Durchatmen, Entschleunigen und Genie\u00dfen. [&hellip;]<\/p>\n","protected":false},"author":5,"featured_media":0,"parent":0,"menu_order":0,"comment_status":"closed","ping_status":"closed","template":"","meta":{"inspiro_page_layout":"narrow","inspiro_hide_title":false,"footnotes":""},"class_list":["post-143","page","type-page","status-publish","hentry"],"jetpack_sharing_enabled":true,"_links":{"self":[{"href":"https:\/\/apartment-lechtal-alpin.at\/index.php\/wp-json\/wp\/v2\/pages\/143","targetHints":{"allow":["GET"]}}],"collection":[{"href":"https:\/\/apartment-lechtal-alpin.at\/index.php\/wp-json\/wp\/v2\/pages"}],"about":[{"href":"https:\/\/apartment-lechtal-alpin.at\/index.php\/wp-json\/wp\/v2\/types\/page"}],"author":[{"embeddable":true,"href":"https:\/\/apartment-lechtal-alpin.at\/index.php\/wp-json\/wp\/v2\/users\/5"}],"replies":[{"embeddable":true,"href":"https:\/\/apartment-lechtal-alpin.at\/index.php\/wp-json\/wp\/v2\/comments?post=143"}],"version-history":[{"count":20,"href":"https:\/\/apartment-lechtal-alpin.at\/index.php\/wp-json\/wp\/v2\/pages\/143\/revisions"}],"predecessor-version":[{"id":403,"href":"https:\/\/apartment-lechtal-alpin.at\/index.php\/wp-json\/wp\/v2\/pages\/143\/revisions\/403"}],"wp:attachment":[{"href":"https:\/\/apartment-lechtal-alpin.at\/index.php\/wp-json\/wp\/v2\/media?parent=143"}],"curies":[{"name":"wp","href":"https:\/\/api.w.org\/{rel}","templated":true}]}}