{"id":140,"date":"2025-10-07T15:12:41","date_gmt":"2025-10-07T15:12:41","guid":{"rendered":"https:\/\/apartment-lechtal-alpin.at\/?page_id=140"},"modified":"2026-03-09T09:18:52","modified_gmt":"2026-03-09T09:18:52","slug":"apartment","status":"publish","type":"page","link":"https:\/\/apartment-lechtal-alpin.at\/index.php\/apartment\/","title":{"rendered":"APARTMENT"},"content":{"rendered":"<div class=\"wpb-content-wrapper\"><p>[vc_row content_placement=&#8220;middle&#8220;][vc_column][vc_row_inner content_placement=&#8220;middle&#8220; gap=&#8220;15&#8243;][vc_column_inner width=&#8220;1\/2&#8243;][vc_single_image image=&#8220;125&#8243; img_size=&#8220;full&#8220; css=&#8220;&#8220;][\/vc_column_inner][vc_column_inner width=&#8220;1\/2&#8243;][vc_custom_heading text=&#8220;UNSER&#8220; font_container=&#8220;tag:h4|text_align:center|color:%239C3846&#8243; google_fonts=&#8220;font_family:Montserrat%3Aregular%2C700|font_style:400%20regular%3A400%3Anormal&#8220; css=&#8220;&#8220;][vc_custom_heading text=&#8220;APARTMENT&#8220; font_container=&#8220;tag:h3|text_align:center|color:%239C3846&#8243; google_fonts=&#8220;font_family:Montserrat%3Aregular%2C700|font_style:700%20bold%20regular%3A700%3Anormal&#8220; css=&#8220;.vc_custom_1763471265838{margin-top: -20px !important;}&#8220;][vc_empty_space height=&#8220;10&#8243;][vc_column_text css=&#8220;&#8220;]<\/p>\n<p class=\"p1\" style=\"text-align: center;\">Unser Apartment ist 45qm gross und ist ideal f\u00fcr Familien mit bis zu 3 Kindern oder f\u00fcr 2\u20134 Erwachsene. Es erwartet dich ein gem\u00fctliches Schlafzimmer, ein Wohnbereich, eine voll ausgestattete K\u00fcche und ein modernes Bad.<\/p>\n<p>[\/vc_column_text][vc_btn title=&#8220;JETZT BUCHEN&#8220; style=&#8220;custom&#8220; custom_background=&#8220;#9C3846&#8243; custom_text=&#8220;#FFFFFF&#8220; shape=&#8220;square&#8220; align=&#8220;center&#8220; css=&#8220;&#8220; link=&#8220;url:https%3A%2F%2Fapartment-lechtal-alpin.at%2Findex.php%2Fbuchen%2F|title:BUCHEN&#8220;][\/vc_column_inner][\/vc_row_inner][vc_empty_space height=&#8220;40&#8243;][\/vc_column][\/vc_row][vc_row full_width=&#8220;stretch_row&#8220; content_placement=&#8220;middle&#8220; css=&#8220;.vc_custom_1760695936936{background-color: #C4BDB1 !important;background-position: center !important;background-repeat: no-repeat !important;background-size: cover !important;}&#8220;][vc_column][vc_empty_space height=&#8220;40&#8243;][vc_row_inner content_placement=&#8220;middle&#8220; gap=&#8220;15&#8243;][vc_column_inner width=&#8220;1\/3&#8243;][vc_single_image image=&#8220;347&#8243; img_size=&#8220;full&#8220; css=&#8220;&#8220;][\/vc_column_inner][vc_column_inner width=&#8220;1\/3&#8243;][vc_single_image image=&#8220;383&#8243; img_size=&#8220;full&#8220; css=&#8220;&#8220;][\/vc_column_inner][vc_column_inner width=&#8220;1\/3&#8243;][vc_custom_heading text=&#8220;K\u00dcCHE&#8220; font_container=&#8220;tag:h3|text_align:left|color:%233C3C3B&#8220; google_fonts=&#8220;font_family:Montserrat%3Aregular%2C700|font_style:700%20bold%20regular%3A700%3Anormal&#8220; css=&#8220;&#8220;][vc_column_text css=&#8220;&#8220;]Voll ausgestattete K\u00fcche inklusive Geschirr (Teller, Besteck, Gl\u00e4ser), Ceranfeld, Backrohr, K\u00fchlschrank, Gefrierfach, Geschirrsp\u00fcler, Kaffeemaschine, Geschirrt\u00fccher und Wasserkocher.<\/p>\n<p>Gem\u00fctliches Wohnzimmer in der Wohnk\u00fcche, mit Ausziehbett f\u00fcr 1-2 Personen.[\/vc_column_text][vc_column_text css=&#8220;&#8220;][\/vc_column_text][\/vc_column_inner][\/vc_row_inner][vc_empty_space height=&#8220;40&#8243;][vc_row_inner content_placement=&#8220;middle&#8220; gap=&#8220;15&#8243;][vc_column_inner width=&#8220;1\/3&#8243;][vc_custom_heading text=&#8220;SCHLAFZIMMER&#8220; font_container=&#8220;tag:h3|text_align:left|color:%233C3C3B&#8220; google_fonts=&#8220;font_family:Montserrat%3Aregular%2C700|font_style:700%20bold%20regular%3A700%3Anormal&#8220; css=&#8220;&#8220;][vc_column_text css=&#8220;&#8220;]Das Hauptschlafzimmer ist mit einem traumhaft bequemen Zirben-Doppelbett ausgestattet \u2013 auf Wunsch stellen wir gern ein Zusatzbett f\u00fcr Kinder bereit.<br \/>\nIn der Wohnk\u00fcche befindet sich eine Ausziehcouch.[\/vc_column_text][vc_column_text css=&#8220;&#8220;][\/vc_column_text][\/vc_column_inner][vc_column_inner width=&#8220;1\/3&#8243;][vc_single_image image=&#8220;385&#8243; img_size=&#8220;full&#8220; css=&#8220;&#8220;][\/vc_column_inner][vc_column_inner width=&#8220;1\/3&#8243;][vc_single_image image=&#8220;346&#8243; img_size=&#8220;full&#8220; css=&#8220;&#8220;][\/vc_column_inner][\/vc_row_inner][vc_empty_space height=&#8220;40&#8243;][vc_row_inner content_placement=&#8220;middle&#8220; gap=&#8220;15&#8243;][vc_column_inner width=&#8220;1\/3&#8243;][vc_single_image image=&#8220;387&#8243; img_size=&#8220;full&#8220; css=&#8220;&#8220;][\/vc_column_inner][vc_column_inner width=&#8220;1\/3&#8243;][vc_single_image image=&#8220;388&#8243; img_size=&#8220;full&#8220; css=&#8220;&#8220;][\/vc_column_inner][vc_column_inner width=&#8220;1\/3&#8243;][vc_custom_heading text=&#8220;BADEZIMMER&#8220; font_container=&#8220;tag:h3|text_align:left|color:%233C3C3B&#8220; google_fonts=&#8220;font_family:Montserrat%3Aregular%2C700|font_style:700%20bold%20regular%3A700%3Anormal&#8220; css=&#8220;&#8220;][vc_column_text css=&#8220;&#8220;]Ein modernes Badezimmer mit begehbarer Dusche und WC sorgt f\u00fcr Komfort und einen frischen Start in den Tag.[\/vc_column_text][vc_column_text css=&#8220;&#8220;][\/vc_column_text][\/vc_column_inner][\/vc_row_inner][vc_empty_space height=&#8220;40&#8243;][\/vc_column][\/vc_row][vc_row][vc_column][vc_empty_space height=&#8220;40&#8243;][vc_row_inner content_placement=&#8220;top&#8220; gap=&#8220;20&#8243;][vc_column_inner width=&#8220;1\/3&#8243;][vc_column_text css_animation=&#8220;fadeIn&#8220; css=&#8220;&#8220;]<img loading=\"lazy\" decoding=\"async\" class=\"aligncenter wp-image-329\" src=\"https:\/\/apartment-lechtal-alpin.at\/wp-content\/uploads\/2025\/10\/Lechtal_Alpin_Icons-09.png\" alt=\"\" width=\"150\" height=\"150\" srcset=\"https:\/\/apartment-lechtal-alpin.at\/wp-content\/uploads\/2025\/10\/Lechtal_Alpin_Icons-09.png 301w, https:\/\/apartment-lechtal-alpin.at\/wp-content\/uploads\/2025\/10\/Lechtal_Alpin_Icons-09-150x150.png 150w, https:\/\/apartment-lechtal-alpin.at\/wp-content\/uploads\/2025\/10\/Lechtal_Alpin_Icons-09-280x280.png 280w\" sizes=\"auto, (max-width: 150px) 100vw, 150px\" \/>[\/vc_column_text][vc_btn title=&#8220;KONTAKT&#8220; style=&#8220;custom&#8220; custom_background=&#8220;#9C3846&#8243; custom_text=&#8220;#FFFFFF&#8220; shape=&#8220;square&#8220; align=&#8220;center&#8220; css=&#8220;&#8220; link=&#8220;url:https%3A%2F%2Fapartment-lechtal-alpin.at%2Findex.php%2Fkontakt%2F|title:BUCHEN&#8220;][\/vc_column_inner][vc_column_inner width=&#8220;1\/3&#8243;][vc_column_text css_animation=&#8220;fadeIn&#8220; css=&#8220;&#8220;]<img loading=\"lazy\" decoding=\"async\" class=\"aligncenter wp-image-327\" src=\"https:\/\/apartment-lechtal-alpin.at\/wp-content\/uploads\/2025\/10\/Lechtal_Alpin_Icons-07.png\" alt=\"\" width=\"150\" height=\"150\" srcset=\"https:\/\/apartment-lechtal-alpin.at\/wp-content\/uploads\/2025\/10\/Lechtal_Alpin_Icons-07.png 301w, https:\/\/apartment-lechtal-alpin.at\/wp-content\/uploads\/2025\/10\/Lechtal_Alpin_Icons-07-150x150.png 150w, https:\/\/apartment-lechtal-alpin.at\/wp-content\/uploads\/2025\/10\/Lechtal_Alpin_Icons-07-280x280.png 280w\" sizes=\"auto, (max-width: 150px) 100vw, 150px\" \/>[\/vc_column_text][vc_btn title=&#8220;BUCHUNGSINFO&#8220; style=&#8220;custom&#8220; custom_background=&#8220;#9C3846&#8243; custom_text=&#8220;#FFFFFF&#8220; shape=&#8220;square&#8220; align=&#8220;center&#8220; css=&#8220;&#8220; link=&#8220;url:https%3A%2F%2Fapartment-lechtal-alpin.at%2Findex.php%2Fbuchungsinformationen%2F|title:BUCHEN&#8220;][\/vc_column_inner][vc_column_inner width=&#8220;1\/3&#8243;][vc_column_text css_animation=&#8220;fadeIn&#8220; css=&#8220;&#8220;]<img loading=\"lazy\" decoding=\"async\" class=\"aligncenter wp-image-328\" src=\"https:\/\/apartment-lechtal-alpin.at\/wp-content\/uploads\/2025\/10\/Lechtal_Alpin_Icons-08.png\" alt=\"\" width=\"150\" height=\"150\" srcset=\"https:\/\/apartment-lechtal-alpin.at\/wp-content\/uploads\/2025\/10\/Lechtal_Alpin_Icons-08.png 301w, https:\/\/apartment-lechtal-alpin.at\/wp-content\/uploads\/2025\/10\/Lechtal_Alpin_Icons-08-150x150.png 150w, https:\/\/apartment-lechtal-alpin.at\/wp-content\/uploads\/2025\/10\/Lechtal_Alpin_Icons-08-280x280.png 280w\" sizes=\"auto, (max-width: 150px) 100vw, 150px\" \/>[\/vc_column_text][vc_btn title=&#8220;LEISTUNGEN&#8220; style=&#8220;custom&#8220; custom_background=&#8220;#9C3846&#8243; custom_text=&#8220;#FFFFFF&#8220; shape=&#8220;square&#8220; align=&#8220;center&#8220; css=&#8220;&#8220; link=&#8220;url:https%3A%2F%2Fapartment-lechtal-alpin.at%2Findex.php%2Fleistungen%2F|title:BUCHEN&#8220;][\/vc_column_inner][\/vc_row_inner][vc_empty_space height=&#8220;40&#8243;][\/vc_column][\/vc_row]<\/p>\n<\/div>","protected":false},"excerpt":{"rendered":"<p>[vc_row content_placement=&#8220;middle&#8220;][vc_column][vc_row_inner content_placement=&#8220;middle&#8220; gap=&#8220;15&#8243;][vc_column_inner width=&#8220;1\/2&#8243;][vc_single_image image=&#8220;125&#8243; img_size=&#8220;full&#8220; css=&#8220;&#8220;][\/vc_column_inner][vc_column_inner width=&#8220;1\/2&#8243;][vc_custom_heading text=&#8220;UNSER&#8220; font_container=&#8220;tag:h4|text_align:center|color:%239C3846&#8243; google_fonts=&#8220;font_family:Montserrat%3Aregular%2C700|font_style:400%20regular%3A400%3Anormal&#8220; css=&#8220;&#8220;][vc_custom_heading text=&#8220;APARTMENT&#8220; font_container=&#8220;tag:h3|text_align:center|color:%239C3846&#8243; google_fonts=&#8220;font_family:Montserrat%3Aregular%2C700|font_style:700%20bold%20regular%3A700%3Anormal&#8220; css=&#8220;.vc_custom_1763471265838{margin-top: -20px !important;}&#8220;][vc_empty_space height=&#8220;10&#8243;][vc_column_text css=&#8220;&#8220;] Unser Apartment ist 45qm gross und ist ideal f\u00fcr Familien mit bis zu 3 Kindern oder f\u00fcr 2\u20134 Erwachsene. Es erwartet dich ein gem\u00fctliches Schlafzimmer, ein Wohnbereich, eine voll [&hellip;]<\/p>\n","protected":false},"author":5,"featured_media":0,"parent":0,"menu_order":0,"comment_status":"closed","ping_status":"closed","template":"","meta":{"inspiro_page_layout":"narrow","inspiro_hide_title":false,"footnotes":""},"class_list":["post-140","page","type-page","status-publish","hentry"],"jetpack_sharing_enabled":true,"_links":{"self":[{"href":"https:\/\/apartment-lechtal-alpin.at\/index.php\/wp-json\/wp\/v2\/pages\/140","targetHints":{"allow":["GET"]}}],"collection":[{"href":"https:\/\/apartment-lechtal-alpin.at\/index.php\/wp-json\/wp\/v2\/pages"}],"about":[{"href":"https:\/\/apartment-lechtal-alpin.at\/index.php\/wp-json\/wp\/v2\/types\/page"}],"author":[{"embeddable":true,"href":"https:\/\/apartment-lechtal-alpin.at\/index.php\/wp-json\/wp\/v2\/users\/5"}],"replies":[{"embeddable":true,"href":"https:\/\/apartment-lechtal-alpin.at\/index.php\/wp-json\/wp\/v2\/comments?post=140"}],"version-history":[{"count":24,"href":"https:\/\/apartment-lechtal-alpin.at\/index.php\/wp-json\/wp\/v2\/pages\/140\/revisions"}],"predecessor-version":[{"id":422,"href":"https:\/\/apartment-lechtal-alpin.at\/index.php\/wp-json\/wp\/v2\/pages\/140\/revisions\/422"}],"wp:attachment":[{"href":"https:\/\/apartment-lechtal-alpin.at\/index.php\/wp-json\/wp\/v2\/media?parent=140"}],"curies":[{"name":"wp","href":"https:\/\/api.w.org\/{rel}","templated":true}]}}