{"id":136,"date":"2025-10-07T15:12:06","date_gmt":"2025-10-07T15:12:06","guid":{"rendered":"https:\/\/apartment-lechtal-alpin.at\/?page_id=136"},"modified":"2025-12-09T14:24:49","modified_gmt":"2025-12-09T14:24:49","slug":"leistungen","status":"publish","type":"page","link":"https:\/\/apartment-lechtal-alpin.at\/index.php\/leistungen\/","title":{"rendered":"LEISTUNGEN"},"content":{"rendered":"<div class=\"wpb-content-wrapper\"><p>[vc_row content_placement=&#8220;middle&#8220;][vc_column][vc_row_inner content_placement=&#8220;middle&#8220; gap=&#8220;15&#8243;][vc_column_inner width=&#8220;1\/2&#8243;][vc_single_image image=&#8220;393&#8243; img_size=&#8220;full&#8220; css=&#8220;&#8220;][\/vc_column_inner][vc_column_inner width=&#8220;1\/2&#8243;][vc_custom_heading text=&#8220;BESTER&#8220; font_container=&#8220;tag:h4|text_align:center|color:%239C3846&#8243; google_fonts=&#8220;font_family:Montserrat%3Aregular%2C700|font_style:400%20regular%3A400%3Anormal&#8220; css=&#8220;&#8220;][vc_custom_heading text=&#8220;SERVICE&#8220; font_container=&#8220;tag:h3|text_align:center|color:%239C3846&#8243; google_fonts=&#8220;font_family:Montserrat%3Aregular%2C700|font_style:700%20bold%20regular%3A700%3Anormal&#8220; css=&#8220;.vc_custom_1763473199971{margin-top: -20px !important;}&#8220;][vc_empty_space height=&#8220;10&#8243;][vc_column_text css=&#8220;&#8220;]<\/p>\n<p class=\"p1\" style=\"text-align: center;\">Hier findest du alle Inklusivleistungen f\u00fcr deinen Aufenthalt bei Lechtal Alpin \u2013 abgesehen vom traumhaften Bergblick und der echten Tiroler Herzlichkeit, die dich sowieso erwarten.<\/p>\n<p>[\/vc_column_text][vc_btn title=&#8220;BUCHUNGSINFOS&#8220; style=&#8220;custom&#8220; custom_background=&#8220;#9C3846&#8243; custom_text=&#8220;#FFFFFF&#8220; shape=&#8220;square&#8220; align=&#8220;center&#8220; css=&#8220;&#8220; link=&#8220;url:https%3A%2F%2Fapartment-lechtal-alpin.at%2Findex.php%2Fbuchungsinformationen%2F|title:Buchungsinformationen&#8220;][\/vc_column_inner][\/vc_row_inner][vc_empty_space height=&#8220;40&#8243;][\/vc_column][\/vc_row][vc_row full_width=&#8220;stretch_row&#8220; css=&#8220;.vc_custom_1759154148873{background-image: url(https:\/\/apartment-lechtal-alpin.at\/wp-content\/uploads\/2025\/09\/Lechtal_Alpin_HG_grau_-scaled.png?id=89) !important;background-position: center !important;background-repeat: no-repeat !important;background-size: cover !important;}&#8220;][vc_column][vc_empty_space height=&#8220;70&#8243;][vc_empty_space height=&#8220;70&#8243;][vc_row_inner content_placement=&#8220;top&#8220; gap=&#8220;20&#8243;][vc_column_inner width=&#8220;1\/4&#8243;][vc_column_text css_animation=&#8220;fadeIn&#8220; css=&#8220;&#8220;]<img loading=\"lazy\" decoding=\"async\" class=\"aligncenter wp-image-237\" src=\"https:\/\/apartment-lechtal-alpin.at\/wp-content\/uploads\/2025\/10\/Apartment-Lechtal-Alpin_Icons-05.png\" alt=\"\" width=\"150\" height=\"150\" srcset=\"https:\/\/apartment-lechtal-alpin.at\/wp-content\/uploads\/2025\/10\/Apartment-Lechtal-Alpin_Icons-05.png 301w, https:\/\/apartment-lechtal-alpin.at\/wp-content\/uploads\/2025\/10\/Apartment-Lechtal-Alpin_Icons-05-150x150.png 150w, https:\/\/apartment-lechtal-alpin.at\/wp-content\/uploads\/2025\/10\/Apartment-Lechtal-Alpin_Icons-05-280x280.png 280w\" sizes=\"auto, (max-width: 150px) 100vw, 150px\" \/>[\/vc_column_text][vc_custom_heading text=&#8220;B\u00c4CKERSERVICE&#8220; font_container=&#8220;tag:h3|text_align:center|color:%23C4BDB1&#8243; google_fonts=&#8220;font_family:Montserrat%3Aregular%2C700|font_style:700%20bold%20regular%3A700%3Anormal&#8220; css=&#8220;&#8220;][vc_empty_space height=&#8220;10&#8243;][vc_column_text css=&#8220;&#8220;]<\/p>\n<p style=\"text-align: center;\"><span style=\"color: #ffffff;\">T\u00e4glich frisches Brot<\/span><br \/>\n<span style=\"color: #ffffff;\">direkt an die T\u00fcr.<\/span><\/p>\n<p>[\/vc_column_text][\/vc_column_inner][vc_column_inner width=&#8220;1\/4&#8243;][vc_column_text css_animation=&#8220;fadeIn&#8220; css=&#8220;&#8220;]<img loading=\"lazy\" decoding=\"async\" class=\"aligncenter wp-image-239\" src=\"https:\/\/apartment-lechtal-alpin.at\/wp-content\/uploads\/2025\/10\/Apartment-Lechtal-Alpin_Icons-03.png\" alt=\"\" width=\"150\" height=\"150\" srcset=\"https:\/\/apartment-lechtal-alpin.at\/wp-content\/uploads\/2025\/10\/Apartment-Lechtal-Alpin_Icons-03.png 301w, https:\/\/apartment-lechtal-alpin.at\/wp-content\/uploads\/2025\/10\/Apartment-Lechtal-Alpin_Icons-03-150x150.png 150w, https:\/\/apartment-lechtal-alpin.at\/wp-content\/uploads\/2025\/10\/Apartment-Lechtal-Alpin_Icons-03-280x280.png 280w\" sizes=\"auto, (max-width: 150px) 100vw, 150px\" \/>[\/vc_column_text][vc_custom_heading text=&#8220;PARKEN&#8220; font_container=&#8220;tag:h3|text_align:center|color:%23C4BDB1&#8243; google_fonts=&#8220;font_family:Montserrat%3Aregular%2C700|font_style:700%20bold%20regular%3A700%3Anormal&#8220; css=&#8220;&#8220;][vc_empty_space height=&#8220;10&#8243;][vc_column_text css=&#8220;&#8220;]<\/p>\n<p style=\"text-align: center;\"><span style=\"color: #ffffff;\">Kostenlose Parkpl\u00e4tze w\u00e4hrend <\/span><span style=\"color: #ffffff;\">ihres Aufenthaltes.<\/span><\/p>\n<p>[\/vc_column_text][\/vc_column_inner][vc_column_inner width=&#8220;1\/4&#8243;][vc_column_text css_animation=&#8220;fadeIn&#8220; css=&#8220;&#8220;]<img loading=\"lazy\" decoding=\"async\" class=\"aligncenter wp-image-240\" src=\"https:\/\/apartment-lechtal-alpin.at\/wp-content\/uploads\/2025\/10\/Apartment-Lechtal-Alpin_Icons-04.png\" alt=\"\" width=\"150\" height=\"150\" srcset=\"https:\/\/apartment-lechtal-alpin.at\/wp-content\/uploads\/2025\/10\/Apartment-Lechtal-Alpin_Icons-04.png 301w, https:\/\/apartment-lechtal-alpin.at\/wp-content\/uploads\/2025\/10\/Apartment-Lechtal-Alpin_Icons-04-150x150.png 150w, https:\/\/apartment-lechtal-alpin.at\/wp-content\/uploads\/2025\/10\/Apartment-Lechtal-Alpin_Icons-04-280x280.png 280w\" sizes=\"auto, (max-width: 150px) 100vw, 150px\" \/>[\/vc_column_text][vc_custom_heading text=&#8220;WLAN&#8220; font_container=&#8220;tag:h3|text_align:center|color:%23C4BDB1&#8243; google_fonts=&#8220;font_family:Montserrat%3Aregular%2C700|font_style:700%20bold%20regular%3A700%3Anormal&#8220; css=&#8220;&#8220;][vc_empty_space height=&#8220;10&#8243;][vc_column_text css=&#8220;&#8220;]<\/p>\n<p style=\"text-align: center;\"><span style=\"color: #ffffff;\">Kostenloses WLAN im <\/span><br \/>\n<span style=\"color: #ffffff;\">gesamten Haus verf\u00fcgbar.<\/span><\/p>\n<p>[\/vc_column_text][\/vc_column_inner][vc_column_inner width=&#8220;1\/4&#8243;][vc_column_text css_animation=&#8220;fadeIn&#8220; css=&#8220;&#8220;]<img loading=\"lazy\" decoding=\"async\" class=\"wp-image-128 aligncenter\" src=\"https:\/\/apartment-lechtal-alpin.at\/wp-content\/uploads\/2025\/10\/lage_1_ALA.png\" alt=\"\" width=\"150\" height=\"150\" srcset=\"https:\/\/apartment-lechtal-alpin.at\/wp-content\/uploads\/2025\/10\/lage_1_ALA.png 1067w, https:\/\/apartment-lechtal-alpin.at\/wp-content\/uploads\/2025\/10\/lage_1_ALA-300x300.png 300w, https:\/\/apartment-lechtal-alpin.at\/wp-content\/uploads\/2025\/10\/lage_1_ALA-1024x1024.png 1024w, https:\/\/apartment-lechtal-alpin.at\/wp-content\/uploads\/2025\/10\/lage_1_ALA-150x150.png 150w, https:\/\/apartment-lechtal-alpin.at\/wp-content\/uploads\/2025\/10\/lage_1_ALA-768x768.png 768w, https:\/\/apartment-lechtal-alpin.at\/wp-content\/uploads\/2025\/10\/lage_1_ALA-1000x1000.png 1000w, https:\/\/apartment-lechtal-alpin.at\/wp-content\/uploads\/2025\/10\/lage_1_ALA-280x280.png 280w, https:\/\/apartment-lechtal-alpin.at\/wp-content\/uploads\/2025\/10\/lage_1_ALA-560x560.png 560w, https:\/\/apartment-lechtal-alpin.at\/wp-content\/uploads\/2025\/10\/lage_1_ALA-600x600.png 600w, https:\/\/apartment-lechtal-alpin.at\/wp-content\/uploads\/2025\/10\/lage_1_ALA-800x800.png 800w\" sizes=\"auto, (max-width: 150px) 100vw, 150px\" \/>[\/vc_column_text][vc_custom_heading text=&#8220;GUIDE&#8220; font_container=&#8220;tag:h3|text_align:center|color:%23C4BDB1&#8243; google_fonts=&#8220;font_family:Montserrat%3Aregular%2C700|font_style:700%20bold%20regular%3A700%3Anormal&#8220; css=&#8220;&#8220;][vc_empty_space height=&#8220;10&#8243;][vc_column_text css=&#8220;&#8220;]<\/p>\n<p style=\"text-align: center;\"><span style=\"color: #ffffff;\">Dein Gastgeber ist<\/span><br \/>\n<span style=\"color: #ffffff;\">dein Bergf\u00fchrer.<\/span><\/p>\n<p>[\/vc_column_text][\/vc_column_inner][\/vc_row_inner][vc_empty_space height=&#8220;40&#8243;][\/vc_column][\/vc_row][vc_row full_width=&#8220;stretch_row&#8220; content_placement=&#8220;middle&#8220; css=&#8220;.vc_custom_1760617116149{margin-right: 10px !important;margin-left: 10px !important;background-image: url(https:\/\/apartment-lechtal-alpin.at\/wp-content\/uploads\/2025\/09\/Lechtal_Alpin_Slider_Home_1.jpg?id=60) !important;background-position: center !important;background-repeat: no-repeat !important;background-size: cover !important;}&#8220;][vc_column][vc_empty_space height=&#8220;100&#8243;][vc_row_inner][vc_column_inner width=&#8220;1\/2&#8243;][\/vc_column_inner][vc_column_inner width=&#8220;1\/2&#8243;][vc_cta h2=&#8220;AN- UND ABREISE&#8220; h2_font_container=&#8220;tag:h3|text_align:center|color:%23FFFFFF&#8220; h2_google_fonts=&#8220;font_family:Montserrat%3Aregular%2C700|font_style:700%20bold%20regular%3A700%3Anormal&#8220; txt_align=&#8220;center&#8220; shape=&#8220;square&#8220; style=&#8220;custom&#8220; css=&#8220;.vc_custom_1763473269894{border-top-width: 1px !important;border-right-width: 1px !important;border-bottom-width: 1px !important;border-left-width: 1px !important;border-color: #9C3846 !important;}&#8220; use_custom_fonts_h2=&#8220;true&#8220; custom_background=&#8220;#9C3846&#8243; custom_text=&#8220;#FFFFFF&#8220;]<\/p>\n<p style=\"text-align: center;\"><span style=\"color: #ffffff;\"><strong>CHECK-IN: <\/strong>ab 16:00 Uhr<\/span><br \/>\n<span style=\"color: #ffffff;\"><strong>CHECK-OUT: <\/strong>bis 10:00 Uhr<\/span><\/p>\n<p style=\"text-align: center;\"><span style=\"color: #ffffff;\">Gib uns bitte vorab Bescheid, wenn du fr\u00fcher anreisen oder sp\u00e4ter abreisen m\u00f6chtest \u2013 wir versuchen, es m\u00f6glich zu machen.<\/span><\/p>\n<p>[\/vc_cta][\/vc_column_inner][\/vc_row_inner][vc_empty_space height=&#8220;100&#8243;][\/vc_column][\/vc_row][vc_row full_width=&#8220;stretch_row&#8220; css=&#8220;.vc_custom_1765289816016{background-image: url(https:\/\/apartment-lechtal-alpin.at\/wp-content\/uploads\/2025\/09\/Lechtal_Alpin_Beton.jpg?id=74) !important;background-position: center !important;background-repeat: no-repeat !important;background-size: cover !important;}&#8220;][vc_column][vc_empty_space height=&#8220;40&#8243;][vc_row_inner content_placement=&#8220;top&#8220; gap=&#8220;20&#8243;][vc_column_inner width=&#8220;1\/4&#8243;][vc_column_text css_animation=&#8220;fadeIn&#8220; css=&#8220;&#8220;]<img loading=\"lazy\" decoding=\"async\" class=\"aligncenter wp-image-457\" src=\"https:\/\/apartment-lechtal-alpin.at\/wp-content\/uploads\/2025\/12\/Lechtal_Alpin_Icon_winter-11.png\" alt=\"\" width=\"150\" height=\"150\" srcset=\"https:\/\/apartment-lechtal-alpin.at\/wp-content\/uploads\/2025\/12\/Lechtal_Alpin_Icon_winter-11.png 301w, https:\/\/apartment-lechtal-alpin.at\/wp-content\/uploads\/2025\/12\/Lechtal_Alpin_Icon_winter-11-150x150.png 150w, https:\/\/apartment-lechtal-alpin.at\/wp-content\/uploads\/2025\/12\/Lechtal_Alpin_Icon_winter-11-280x280.png 280w\" sizes=\"auto, (max-width: 150px) 100vw, 150px\" \/>[\/vc_column_text][vc_custom_heading text=&#8220;HALTESTELLE&#8220; font_container=&#8220;tag:h3|text_align:center|color:%233C3C3B&#8220; google_fonts=&#8220;font_family:Montserrat%3Aregular%2C700|font_style:700%20bold%20regular%3A700%3Anormal&#8220; css=&#8220;&#8220;][vc_empty_space height=&#8220;10&#8243;][vc_column_text css=&#8220;&#8220;]<\/p>\n<p style=\"text-align: center;\">Bushaltestelle nur<br \/>\n50 m vom Haus<br \/>\nentfernt.<\/p>\n<p>[\/vc_column_text][\/vc_column_inner][vc_column_inner width=&#8220;1\/4&#8243;][vc_column_text css_animation=&#8220;fadeIn&#8220; css=&#8220;&#8220;]<img loading=\"lazy\" decoding=\"async\" class=\"aligncenter wp-image-456\" src=\"https:\/\/apartment-lechtal-alpin.at\/wp-content\/uploads\/2025\/12\/Lechtal_Alpin_Icon_winter-10.png\" alt=\"\" width=\"150\" height=\"150\" srcset=\"https:\/\/apartment-lechtal-alpin.at\/wp-content\/uploads\/2025\/12\/Lechtal_Alpin_Icon_winter-10.png 301w, https:\/\/apartment-lechtal-alpin.at\/wp-content\/uploads\/2025\/12\/Lechtal_Alpin_Icon_winter-10-150x150.png 150w, https:\/\/apartment-lechtal-alpin.at\/wp-content\/uploads\/2025\/12\/Lechtal_Alpin_Icon_winter-10-280x280.png 280w\" sizes=\"auto, (max-width: 150px) 100vw, 150px\" \/>[\/vc_column_text][vc_custom_heading text=&#8220;J\u00d6CHELSPITZE&#8220; font_container=&#8220;tag:h3|text_align:center|color:%233C3C3B&#8220; google_fonts=&#8220;font_family:Montserrat%3Aregular%2C700|font_style:700%20bold%20regular%3A700%3Anormal&#8220; css=&#8220;&#8220;][vc_empty_space height=&#8220;10&#8243;][vc_column_text css=&#8220;&#8220;]<\/p>\n<p style=\"text-align: center;\">Das Skigebiet J\u00f6chelspitze ist nur 2,5 km entfernt.<\/p>\n<p>[\/vc_column_text][\/vc_column_inner][vc_column_inner width=&#8220;1\/4&#8243;][vc_column_text css_animation=&#8220;fadeIn&#8220; css=&#8220;&#8220;]<img loading=\"lazy\" decoding=\"async\" class=\"aligncenter wp-image-458\" src=\"https:\/\/apartment-lechtal-alpin.at\/wp-content\/uploads\/2025\/12\/Lechtal_Alpin_Icon_winter-12.png\" alt=\"\" width=\"150\" height=\"150\" srcset=\"https:\/\/apartment-lechtal-alpin.at\/wp-content\/uploads\/2025\/12\/Lechtal_Alpin_Icon_winter-12.png 301w, https:\/\/apartment-lechtal-alpin.at\/wp-content\/uploads\/2025\/12\/Lechtal_Alpin_Icon_winter-12-150x150.png 150w, https:\/\/apartment-lechtal-alpin.at\/wp-content\/uploads\/2025\/12\/Lechtal_Alpin_Icon_winter-12-280x280.png 280w\" sizes=\"auto, (max-width: 150px) 100vw, 150px\" \/>[\/vc_column_text][vc_custom_heading text=&#8220;LOPIE&#8220; font_container=&#8220;tag:h3|text_align:center|color:%233C3C3B&#8220; google_fonts=&#8220;font_family:Montserrat%3Aregular%2C700|font_style:700%20bold%20regular%3A700%3Anormal&#8220; css=&#8220;&#8220;][vc_empty_space height=&#8220;10&#8243;][vc_column_text css=&#8220;&#8220;]<\/p>\n<p style=\"text-align: center;\">Langlaufloipe<br \/>\nbeginnt direkt vor<br \/>\nder T\u00fcr.<\/p>\n<p>[\/vc_column_text][\/vc_column_inner][vc_column_inner width=&#8220;1\/4&#8243;][vc_column_text css_animation=&#8220;fadeIn&#8220; css=&#8220;&#8220;]<img loading=\"lazy\" decoding=\"async\" class=\"aligncenter wp-image-456\" src=\"https:\/\/apartment-lechtal-alpin.at\/wp-content\/uploads\/2025\/12\/Lechtal_Alpin_Icon_winter-10.png\" alt=\"\" width=\"150\" height=\"150\" srcset=\"https:\/\/apartment-lechtal-alpin.at\/wp-content\/uploads\/2025\/12\/Lechtal_Alpin_Icon_winter-10.png 301w, https:\/\/apartment-lechtal-alpin.at\/wp-content\/uploads\/2025\/12\/Lechtal_Alpin_Icon_winter-10-150x150.png 150w, https:\/\/apartment-lechtal-alpin.at\/wp-content\/uploads\/2025\/12\/Lechtal_Alpin_Icon_winter-10-280x280.png 280w\" sizes=\"auto, (max-width: 150px) 100vw, 150px\" \/>[\/vc_column_text][vc_custom_heading text=&#8220;ARLBERG&#8220; font_container=&#8220;tag:h3|text_align:center|color:%233C3C3B&#8220; google_fonts=&#8220;font_family:Montserrat%3Aregular%2C700|font_style:700%20bold%20regular%3A700%3Anormal&#8220; css=&#8220;&#8220;][vc_empty_space height=&#8220;10&#8243;][vc_column_text css=&#8220;&#8220;]<\/p>\n<p style=\"text-align: center;\">Das Skigebiet Arlberg ist nur 20 km entfernt.<\/p>\n<p>[\/vc_column_text][\/vc_column_inner][\/vc_row_inner][vc_empty_space height=&#8220;40&#8243;][\/vc_column][\/vc_row][vc_row content_placement=&#8220;middle&#8220;][vc_column][vc_empty_space height=&#8220;60&#8243;][vc_row_inner content_placement=&#8220;top&#8220; gap=&#8220;15&#8243;][vc_column_inner width=&#8220;1\/3&#8243;][vc_single_image image=&#8220;395&#8243; img_size=&#8220;full&#8220; css=&#8220;&#8220;][vc_custom_heading text=&#8220;BETTW\u00c4SCHE &amp; HANDT\u00dcCHER&#8220; font_container=&#8220;tag:h3|text_align:left|color:%239C3846&#8243; google_fonts=&#8220;font_family:Montserrat%3Aregular%2C700|font_style:700%20bold%20regular%3A700%3Anormal&#8220; css=&#8220;&#8220;][vc_column_text css=&#8220;&#8220;]Wir stellen sowohl Handt\u00fccher als auch Bettw\u00e4sche bereit. Auf Wunsch wechseln wir diese gern w\u00e4hrend Ihres Aufenthaltes.[\/vc_column_text][\/vc_column_inner][vc_column_inner width=&#8220;1\/3&#8243;][vc_single_image image=&#8220;396&#8243; img_size=&#8220;full&#8220; css=&#8220;&#8220;][vc_custom_heading text=&#8220;AUSGESTATTETE K\u00dcCHE&#8220; font_container=&#8220;tag:h3|text_align:left|color:%239C3846&#8243; google_fonts=&#8220;font_family:Montserrat%3Aregular%2C700|font_style:700%20bold%20regular%3A700%3Anormal&#8220; css=&#8220;&#8220;][vc_column_text css=&#8220;&#8220;]Inklusive Geschirr (Teller, Besteck, Gl\u00e4ser), Ceranfeld, Backrohr, K\u00fchlschrank, Gefrierfach, Geschirrsp\u00fcler, Kaffeemaschine, Geschirrt\u00fccher und Wasserkocher[\/vc_column_text][\/vc_column_inner][vc_column_inner width=&#8220;1\/3&#8243;][vc_single_image image=&#8220;397&#8243; img_size=&#8220;full&#8220; css=&#8220;&#8220;][vc_custom_heading text=&#8220;BALKON&#8220; font_container=&#8220;tag:h3|text_align:left|color:%239C3846&#8243; google_fonts=&#8220;font_family:Montserrat%3Aregular%2C700|font_style:700%20bold%20regular%3A700%3Anormal&#8220; css=&#8220;&#8220;][vc_column_text css=&#8220;&#8220;]Genie\u00dfe die frische Bergluft und den freien Blick auf die Lechtaler Alpen. Ideal f\u00fcr ein entspanntes Fr\u00fchst\u00fcck in der Sonne oder einen ruhigen Abend mit Panorama.[\/vc_column_text][vc_column_text css=&#8220;&#8220;][\/vc_column_text][\/vc_column_inner][\/vc_row_inner][vc_empty_space height=&#8220;40&#8243;][\/vc_column][\/vc_row]<\/p>\n<\/div>","protected":false},"excerpt":{"rendered":"<p>[vc_row content_placement=&#8220;middle&#8220;][vc_column][vc_row_inner content_placement=&#8220;middle&#8220; gap=&#8220;15&#8243;][vc_column_inner width=&#8220;1\/2&#8243;][vc_single_image image=&#8220;393&#8243; img_size=&#8220;full&#8220; css=&#8220;&#8220;][\/vc_column_inner][vc_column_inner width=&#8220;1\/2&#8243;][vc_custom_heading text=&#8220;BESTER&#8220; font_container=&#8220;tag:h4|text_align:center|color:%239C3846&#8243; google_fonts=&#8220;font_family:Montserrat%3Aregular%2C700|font_style:400%20regular%3A400%3Anormal&#8220; css=&#8220;&#8220;][vc_custom_heading text=&#8220;SERVICE&#8220; font_container=&#8220;tag:h3|text_align:center|color:%239C3846&#8243; google_fonts=&#8220;font_family:Montserrat%3Aregular%2C700|font_style:700%20bold%20regular%3A700%3Anormal&#8220; css=&#8220;.vc_custom_1763473199971{margin-top: -20px !important;}&#8220;][vc_empty_space height=&#8220;10&#8243;][vc_column_text css=&#8220;&#8220;] Hier findest du alle Inklusivleistungen f\u00fcr deinen Aufenthalt bei Lechtal Alpin \u2013 abgesehen vom traumhaften Bergblick und der echten Tiroler Herzlichkeit, die dich sowieso erwarten. [\/vc_column_text][vc_btn title=&#8220;BUCHUNGSINFOS&#8220; style=&#8220;custom&#8220; custom_background=&#8220;#9C3846&#8243; [&hellip;]<\/p>\n","protected":false},"author":5,"featured_media":0,"parent":0,"menu_order":0,"comment_status":"closed","ping_status":"closed","template":"","meta":{"inspiro_page_layout":"narrow","inspiro_hide_title":false,"footnotes":""},"class_list":["post-136","page","type-page","status-publish","hentry"],"jetpack_sharing_enabled":true,"_links":{"self":[{"href":"https:\/\/apartment-lechtal-alpin.at\/index.php\/wp-json\/wp\/v2\/pages\/136","targetHints":{"allow":["GET"]}}],"collection":[{"href":"https:\/\/apartment-lechtal-alpin.at\/index.php\/wp-json\/wp\/v2\/pages"}],"about":[{"href":"https:\/\/apartment-lechtal-alpin.at\/index.php\/wp-json\/wp\/v2\/types\/page"}],"author":[{"embeddable":true,"href":"https:\/\/apartment-lechtal-alpin.at\/index.php\/wp-json\/wp\/v2\/users\/5"}],"replies":[{"embeddable":true,"href":"https:\/\/apartment-lechtal-alpin.at\/index.php\/wp-json\/wp\/v2\/comments?post=136"}],"version-history":[{"count":41,"href":"https:\/\/apartment-lechtal-alpin.at\/index.php\/wp-json\/wp\/v2\/pages\/136\/revisions"}],"predecessor-version":[{"id":463,"href":"https:\/\/apartment-lechtal-alpin.at\/index.php\/wp-json\/wp\/v2\/pages\/136\/revisions\/463"}],"wp:attachment":[{"href":"https:\/\/apartment-lechtal-alpin.at\/index.php\/wp-json\/wp\/v2\/media?parent=136"}],"curies":[{"name":"wp","href":"https:\/\/api.w.org\/{rel}","templated":true}]}}